{"id":107,"date":"2019-03-24T22:46:32","date_gmt":"2019-03-24T21:46:32","guid":{"rendered":"http:\/\/landeselternverband.de\/?page_id=107"},"modified":"2022-02-18T21:29:39","modified_gmt":"2022-02-18T20:29:39","slug":"impressum","status":"publish","type":"page","link":"https:\/\/landeselternverband.de\/?page_id=107","title":{"rendered":"Impressum"},"content":{"rendered":"\n<p>Landeselternverband geh\u00f6rloser und schwerh\u00f6riger Kinder und Jugendlicher NRW e. V.<br>Sunderplatz 7<br>45472 M\u00fclheim\/Ruhr<\/p>\n\n\n\n<p><br>E-Mail: info@landeselternverband.de<\/p>\n\n\n\n<h4 class=\"wp-block-heading\" id=\"vertreten-durch\">Vertreten durch:<\/h4>\n\n\n\n<p>Gesch\u00e4ftsf\u00fchrender Vorstand:<br>1. Vorsitzender: Martin Magiera<br>2. Vorsitzende: Liane Boy<br>Gesch\u00e4ftsf\u00fchrerin: Kira Kn\u00fchmann-Stengel<br>Schriftf\u00fchrerin: Susann Harnisch<\/p>\n\n\n\n<h4 class=\"wp-block-heading\" id=\"registereintrag\">Registereintrag:<\/h4>\n\n\n\n<p>Eingetragen im Vereinsregister.<br>Registergericht: Amtsgericht Essen<br>Registernummer: VR 2280<\/p>\n\n\n\n<h4 class=\"wp-block-heading\" id=\"verantwortlich-fur-den-inhalt-gem-55-abs-2-rstv\">Verantwortlich f\u00fcr den Inhalt (gem. \u00a7 55 Abs. 2 RStV):<br><\/h4>\n\n\n\n<p>Susann Harnisch<br>Bleek 4<br>47877 Willich<\/p>\n\n\n\n<h2 class=\"wp-block-heading\" id=\"disclaimer-rechtliche-hinweise\">Disclaimer \u2013 rechtliche Hinweise<br><\/h2>\n\n\n\n<p>\u00a7 1 Warnhinweis zu Inhalten<br>Die kostenlosen und frei zug\u00e4nglichen Inhalte dieser Webseite wurden mit gr\u00f6\u00dftm\u00f6glicher Sorgfalt erstellt. Der Anbieter dieser Webseite \u00fcbernimmt jedoch keine Gew\u00e4hr f\u00fcr die Richtigkeit und Aktualit\u00e4t der bereitgestellten kostenlosen und frei zug\u00e4nglichen journalistischen Ratgeber und Nachrichten. Namentlich gekennzeichnete Beitr\u00e4ge geben die Meinung des jeweiligen Autors und nicht immer die Meinung des Anbieters wieder. Allein durch den Aufruf der kostenlosen und frei zug\u00e4nglichen Inhalte kommt keinerlei Vertragsverh\u00e4ltnis zwischen dem Nutzer und dem Anbieter zustande, insoweit fehlt es am Rechtsbindungswillen des Anbieters.<br> <br>\u00a7 2 Externe Links<br>Diese Website enth\u00e4lt Verkn\u00fcpfungen zu Websites Dritter (&#8222;externe Links&#8220;). Diese Websites unterliegen der Haftung der jeweiligen Betreiber. Der Anbieter hat bei der erstmaligen Verkn\u00fcpfung der externen Links die fremden Inhalte daraufhin \u00fcberpr\u00fcft, ob etwaige Rechtsverst\u00f6\u00dfe bestehen. Zu dem Zeitpunkt waren keine Rechtsverst\u00f6\u00dfe ersichtlich. Der Anbieter hat keinerlei Einfluss auf die aktuelle und zuk\u00fcnftige Gestaltung und auf die Inhalte der verkn\u00fcpften Seiten. Das Setzen von externen Links bedeutet nicht, dass sich der Anbieter die hinter dem Verweis oder Link liegenden Inhalte zu Eigen macht. Eine st\u00e4ndige Kontrolle der externen Links ist f\u00fcr den Anbieter ohne konkrete Hinweise auf Rechtsverst\u00f6\u00dfe nicht zumutbar. Bei Kenntnis von Rechtsverst\u00f6\u00dfen werden jedoch derartige externe Links unverz\u00fcglich gel\u00f6scht.<br> <br>\u00a7 3 Urheber- und Leistungsschutzrechte<br>Die auf dieser Website ver\u00f6ffentlichten Inhalte unterliegen dem deutschen Urheber- und Leistungsschutzrecht. Jede vom deutschen Urheber- und Leistungsschutzrecht nicht zugelassene Verwertung bedarf der vorherigen schriftlichen Zustimmung des Anbieters oder jeweiligen Rechteinhabers. Dies gilt insbesondere f\u00fcr Vervielf\u00e4ltigung, Bearbeitung, \u00dcbersetzung, Einspeicherung, Verarbeitung bzw. Wiedergabe von Inhalten in Datenbanken oder anderen elektronischen Medien und Systemen. Inhalte und Rechte Dritter sind dabei als solche gekennzeichnet. Die unerlaubte Vervielf\u00e4ltigung oder Weitergabe einzelner Inhalte oder kompletter Seiten ist nicht gestattet und strafbar. Lediglich die Herstellung von Kopien und Downloads f\u00fcr den pers\u00f6nlichen, privaten und nicht kommerziellen Gebrauch ist erlaubt.<br> <br>Die Darstellung dieser Website in fremden Frames ist nur mit schriftlicher Erlaubnis zul\u00e4ssig.<br> <br>\u00a7 4 Besondere Nutzungsbedingungen<br>Soweit besondere Bedingungen f\u00fcr einzelne Nutzungen dieser Website von den vorgenannten Paragraphen abweichen, wird an entsprechender Stelle ausdr\u00fccklich darauf hingewiesen. In diesem Falle gelten im jeweiligen Einzelfall die besonderen Nutzungsbedingungen.<br> <br>Quelle: Impressum Generator von JuraForum.de<br><\/p>\n","protected":false},"excerpt":{"rendered":"<p>Landeselternverband geh\u00f6rloser und schwerh\u00f6riger Kinder und Jugendlicher NRW e. V.Sunderplatz 745472 M\u00fclheim\/Ruhr E-Mail: info@landeselternverband.de Vertreten durch: Gesch\u00e4ftsf\u00fchrender Vorstand:1. Vorsitzender: Martin Magiera2. Vorsitzende: Liane BoyGesch\u00e4ftsf\u00fchrerin: Kira&hellip;<\/p>\n<p> <a class=\"more-link\" href=\"https:\/\/landeselternverband.de\/?page_id=107\">Weiterlesen<\/a><\/p>\n","protected":false},"author":1,"featured_media":117,"parent":0,"menu_order":0,"comment_status":"closed","ping_status":"closed","template":"","meta":{"jetpack_post_was_ever_published":false,"footnotes":""},"class_list":["post-107","page","type-page","status-publish","has-post-thumbnail"],"jetpack_sharing_enabled":true,"jetpack_shortlink":"https:\/\/wp.me\/PaPRwJ-1J","jetpack-related-posts":[{"id":93,"url":"https:\/\/landeselternverband.de\/?page_id=93","url_meta":{"origin":107,"position":0},"title":"Vorstellung Vorstand","author":"AdminLEV","date":"24. M\u00e4rz 2019","format":false,"excerpt":"Der aktuelle Vorstand wurde in der letzten Mitgliederversammlung am 15. September 2018 gew\u00e4hlt.Dies sind seine Vertreter: GESCH\u00c4FTSF\u00dcHRENDER VORSTAND: 1. Vorsitzender: Martin Magiera ist taub. Er ist Vater von drei geh\u00f6rlosen Kindern und lebt mit seiner Familie in Bochum. Er arbeitet als Lehrkraft an der Schule am Leithenhaus, LWL-F\u00f6rderschule f\u00fcr H\u00f6rbehinderten\u2026","rel":"","context":"\u00c4hnlicher Beitrag","block_context":{"text":"\u00c4hnlicher Beitrag","link":""},"img":{"alt_text":"","src":"https:\/\/i0.wp.com\/landeselternverband.de\/wp-content\/uploads\/2022\/02\/Vorstand.jpg?fit=910%2C330&ssl=1&resize=350%2C200","width":350,"height":200,"srcset":"https:\/\/i0.wp.com\/landeselternverband.de\/wp-content\/uploads\/2022\/02\/Vorstand.jpg?fit=910%2C330&ssl=1&resize=350%2C200 1x, https:\/\/i0.wp.com\/landeselternverband.de\/wp-content\/uploads\/2022\/02\/Vorstand.jpg?fit=910%2C330&ssl=1&resize=525%2C300 1.5x, https:\/\/i0.wp.com\/landeselternverband.de\/wp-content\/uploads\/2022\/02\/Vorstand.jpg?fit=910%2C330&ssl=1&resize=700%2C400 2x"},"classes":[]},{"id":80,"url":"https:\/\/landeselternverband.de\/?page_id=80","url_meta":{"origin":107,"position":1},"title":"Unsere Satzung","author":"AdminLEV","date":"24. M\u00e4rz 2019","format":false,"excerpt":"Wie jeder Verein haben wir eine Satzung. Ganz unten auf dieser Seite gibt es diese Version auch als PDF-Datei zum Herunterladen. (Fassung vom 18.11.2017) Pr\u00e4ambel Im Landeselternverband schlie\u00dfen sich Eltern geh\u00f6rloser und schwerh\u00f6riger Kinder und Jugendlicher sowie F\u00f6rderer zusammen, um gemeinsam die Belange der geh\u00f6rlosen und schwerh\u00f6rigen Kinder und Jugendlichen\u2026","rel":"","context":"\u00c4hnlicher Beitrag","block_context":{"text":"\u00c4hnlicher Beitrag","link":""},"img":{"alt_text":"","src":"https:\/\/i0.wp.com\/landeselternverband.de\/wp-content\/uploads\/2019\/03\/IMG_5168.jpg?fit=1200%2C900&ssl=1&resize=350%2C200","width":350,"height":200,"srcset":"https:\/\/i0.wp.com\/landeselternverband.de\/wp-content\/uploads\/2019\/03\/IMG_5168.jpg?fit=1200%2C900&ssl=1&resize=350%2C200 1x, https:\/\/i0.wp.com\/landeselternverband.de\/wp-content\/uploads\/2019\/03\/IMG_5168.jpg?fit=1200%2C900&ssl=1&resize=525%2C300 1.5x, https:\/\/i0.wp.com\/landeselternverband.de\/wp-content\/uploads\/2019\/03\/IMG_5168.jpg?fit=1200%2C900&ssl=1&resize=700%2C400 2x, https:\/\/i0.wp.com\/landeselternverband.de\/wp-content\/uploads\/2019\/03\/IMG_5168.jpg?fit=1200%2C900&ssl=1&resize=1050%2C600 3x"},"classes":[]},{"id":620,"url":"https:\/\/landeselternverband.de\/?page_id=620","url_meta":{"origin":107,"position":2},"title":"Unsere Vorstandssitzungen","author":"AdminLEV","date":"23. September 2020","format":false,"excerpt":"Wir werden nun immer nach unseren Vorstandssitzungen einen kleinen \u00dcberblick \u00fcber unsere besprochenen Themen hier ver\u00f6ffentlichen. Wenn du auch das eine oder andere Thema hast, dann schreibt uns das gern.","rel":"","context":"\u00c4hnlicher Beitrag","block_context":{"text":"\u00c4hnlicher Beitrag","link":""},"img":{"alt_text":"","src":"https:\/\/i0.wp.com\/landeselternverband.de\/wp-content\/uploads\/2019\/03\/IMG_5185-e1553622747270.jpg?fit=1200%2C667&ssl=1&resize=350%2C200","width":350,"height":200,"srcset":"https:\/\/i0.wp.com\/landeselternverband.de\/wp-content\/uploads\/2019\/03\/IMG_5185-e1553622747270.jpg?fit=1200%2C667&ssl=1&resize=350%2C200 1x, https:\/\/i0.wp.com\/landeselternverband.de\/wp-content\/uploads\/2019\/03\/IMG_5185-e1553622747270.jpg?fit=1200%2C667&ssl=1&resize=525%2C300 1.5x, https:\/\/i0.wp.com\/landeselternverband.de\/wp-content\/uploads\/2019\/03\/IMG_5185-e1553622747270.jpg?fit=1200%2C667&ssl=1&resize=700%2C400 2x, https:\/\/i0.wp.com\/landeselternverband.de\/wp-content\/uploads\/2019\/03\/IMG_5185-e1553622747270.jpg?fit=1200%2C667&ssl=1&resize=1050%2C600 3x"},"classes":[]},{"id":211,"url":"https:\/\/landeselternverband.de\/?page_id=211","url_meta":{"origin":107,"position":3},"title":"Ber\u00fchmte Pers\u00f6nlichkeiten","author":"Susann Harnisch","date":"26. M\u00e4rz 2019","format":false,"excerpt":"Nachfolgend m\u00f6chten wir dir gern Personen vorstellen, die geh\u00f6rlos oder h\u00f6rbehindert sind, die aber dennoch bekannt sind. Klick drauf und du erf\u00e4hrst mehr. Prof. Dr. Christian Rathmann Enno Park Julia Probst Kassandra Wedel Alexander G\u00f6rsdorf","rel":"","context":"\u00c4hnlicher Beitrag","block_context":{"text":"\u00c4hnlicher Beitrag","link":""},"img":{"alt_text":"","src":"https:\/\/i0.wp.com\/landeselternverband.de\/wp-content\/uploads\/2019\/03\/IMG_6633-1-e1553633638598.jpg?fit=900%2C1200&ssl=1&resize=350%2C200","width":350,"height":200,"srcset":"https:\/\/i0.wp.com\/landeselternverband.de\/wp-content\/uploads\/2019\/03\/IMG_6633-1-e1553633638598.jpg?fit=900%2C1200&ssl=1&resize=350%2C200 1x, https:\/\/i0.wp.com\/landeselternverband.de\/wp-content\/uploads\/2019\/03\/IMG_6633-1-e1553633638598.jpg?fit=900%2C1200&ssl=1&resize=525%2C300 1.5x, https:\/\/i0.wp.com\/landeselternverband.de\/wp-content\/uploads\/2019\/03\/IMG_6633-1-e1553633638598.jpg?fit=900%2C1200&ssl=1&resize=700%2C400 2x"},"classes":[]},{"id":420,"url":"https:\/\/landeselternverband.de\/?page_id=420","url_meta":{"origin":107,"position":4},"title":"Engagiert &#8211; Karin Kestner","author":"Susann Harnisch","date":"8. Juli 2019","format":false,"excerpt":"Am 4. Juni 2019 ist Karin Kestner gestorben. Sie war eine gro\u00dfartige Frau, die sich f\u00fcr die Interessen der Geh\u00f6rlosen in unserer Gesellschaft stark gemacht hat. Vor allem f\u00fcr Kinder setzte sie sich ein. Sie entwickelte M\u00f6glichkeiten der Geb\u00e4rdensprachf\u00f6rderung durch den PC und sie stritt vor Gerichten gegen Zwangsimplantierungen und\u2026","rel":"","context":"\u00c4hnlicher Beitrag","block_context":{"text":"\u00c4hnlicher Beitrag","link":""},"img":{"alt_text":"","src":"https:\/\/i0.wp.com\/landeselternverband.de\/wp-content\/uploads\/2019\/06\/Kerze-e1559808800783.jpg?fit=1200%2C1087&ssl=1&resize=350%2C200","width":350,"height":200,"srcset":"https:\/\/i0.wp.com\/landeselternverband.de\/wp-content\/uploads\/2019\/06\/Kerze-e1559808800783.jpg?fit=1200%2C1087&ssl=1&resize=350%2C200 1x, https:\/\/i0.wp.com\/landeselternverband.de\/wp-content\/uploads\/2019\/06\/Kerze-e1559808800783.jpg?fit=1200%2C1087&ssl=1&resize=525%2C300 1.5x, https:\/\/i0.wp.com\/landeselternverband.de\/wp-content\/uploads\/2019\/06\/Kerze-e1559808800783.jpg?fit=1200%2C1087&ssl=1&resize=700%2C400 2x, https:\/\/i0.wp.com\/landeselternverband.de\/wp-content\/uploads\/2019\/06\/Kerze-e1559808800783.jpg?fit=1200%2C1087&ssl=1&resize=1050%2C600 3x"},"classes":[]},{"id":67,"url":"https:\/\/landeselternverband.de\/?page_id=67","url_meta":{"origin":107,"position":5},"title":"Kontakt","author":"AdminLEV","date":"24. M\u00e4rz 2019","format":false,"excerpt":"Du hast Fragen und Anregungen an uns?Du hast als Mitglied ein Anliegen, allerdings die Kontaktm\u00f6glichkeiten vergessen? Kein Problem! Du kannst uns jederzeit erreichen! Unsere postalische Adresse lautet: Landeselternverband geh\u00f6rloser und schwerh\u00f6riger Kinder und Jugendlicher NRW e. V.\u00a0Sunderplatz 745472 M\u00fclheim\/ Ruhr Oder du schreibst uns einfach eine E-Mail an info@landeselternverband.de. Wir\u2026","rel":"","context":"\u00c4hnlicher Beitrag","block_context":{"text":"\u00c4hnlicher Beitrag","link":""},"img":{"alt_text":"","src":"https:\/\/i0.wp.com\/landeselternverband.de\/wp-content\/uploads\/2019\/03\/Kontakt-e1552856331571-1.jpg?fit=1200%2C624&ssl=1&resize=350%2C200","width":350,"height":200,"srcset":"https:\/\/i0.wp.com\/landeselternverband.de\/wp-content\/uploads\/2019\/03\/Kontakt-e1552856331571-1.jpg?fit=1200%2C624&ssl=1&resize=350%2C200 1x, https:\/\/i0.wp.com\/landeselternverband.de\/wp-content\/uploads\/2019\/03\/Kontakt-e1552856331571-1.jpg?fit=1200%2C624&ssl=1&resize=525%2C300 1.5x, https:\/\/i0.wp.com\/landeselternverband.de\/wp-content\/uploads\/2019\/03\/Kontakt-e1552856331571-1.jpg?fit=1200%2C624&ssl=1&resize=700%2C400 2x, https:\/\/i0.wp.com\/landeselternverband.de\/wp-content\/uploads\/2019\/03\/Kontakt-e1552856331571-1.jpg?fit=1200%2C624&ssl=1&resize=1050%2C600 3x"},"classes":[]}],"_links":{"self":[{"href":"https:\/\/landeselternverband.de\/index.php?rest_route=\/wp\/v2\/pages\/107","targetHints":{"allow":["GET"]}}],"collection":[{"href":"https:\/\/landeselternverband.de\/index.php?rest_route=\/wp\/v2\/pages"}],"about":[{"href":"https:\/\/landeselternverband.de\/index.php?rest_route=\/wp\/v2\/types\/page"}],"author":[{"embeddable":true,"href":"https:\/\/landeselternverband.de\/index.php?rest_route=\/wp\/v2\/users\/1"}],"replies":[{"embeddable":true,"href":"https:\/\/landeselternverband.de\/index.php?rest_route=%2Fwp%2Fv2%2Fcomments&post=107"}],"version-history":[{"count":3,"href":"https:\/\/landeselternverband.de\/index.php?rest_route=\/wp\/v2\/pages\/107\/revisions"}],"predecessor-version":[{"id":883,"href":"https:\/\/landeselternverband.de\/index.php?rest_route=\/wp\/v2\/pages\/107\/revisions\/883"}],"wp:featuredmedia":[{"embeddable":true,"href":"https:\/\/landeselternverband.de\/index.php?rest_route=\/wp\/v2\/media\/117"}],"wp:attachment":[{"href":"https:\/\/landeselternverband.de\/index.php?rest_route=%2Fwp%2Fv2%2Fmedia&parent=107"}],"curies":[{"name":"wp","href":"https:\/\/api.w.org\/{rel}","templated":true}]}}