{"id":620,"date":"2020-09-23T18:29:24","date_gmt":"2020-09-23T16:29:24","guid":{"rendered":"https:\/\/landeselternverband.de\/?page_id=620"},"modified":"2022-02-18T21:44:29","modified_gmt":"2022-02-18T20:44:29","slug":"unsere-vorstandssitzungen","status":"publish","type":"page","link":"https:\/\/landeselternverband.de\/?page_id=620","title":{"rendered":"Unsere Vorstandssitzungen"},"content":{"rendered":"\n<p>Wir werden nun immer nach unseren Vorstandssitzungen einen kleinen \u00dcberblick \u00fcber unsere besprochenen Themen hier ver\u00f6ffentlichen.  Wenn du auch das eine oder andere Thema hast, dann <a rel=\"noreferrer noopener\" href=\"mailto:info@landeselternverband.de\" data-type=\"mailto\" data-id=\"mailto:info@landeselternverband.de\" target=\"_blank\">schreib<\/a><a href=\"mailto:info@landeselternverband.de\" data-type=\"mailto\" data-id=\"mailto:info@landeselternverband.de\" target=\"_blank\" rel=\"noreferrer noopener\">t<\/a><a rel=\"noreferrer noopener\" href=\"mailto:info@landeselternverband.de\" data-type=\"mailto\" data-id=\"mailto:info@landeselternverband.de\" target=\"_blank\"> uns das gern<\/a>.<\/p>\n\n\n\n<!-- NOTE: If you need to make changes to this file, copy it to your current theme's main\n\tdirectory so your changes won't be overwritten when the plugin is upgraded. -->\n\n<!-- Post Wrap Start-->\n<div class=\"post hentry ivycat-post\">\n\n\t<!-- \tThis outputs the post TITLE -->\n\t<h2 class=\"entry-title\"><a href=\"https:\/\/landeselternverband.de\/?p=631\">Vorstandssitzung vom 18. September 2020<\/a><\/h2>\n\n\t<!-- \tThis outputs the post EXCERPT.  To display full content including images and html,\n\t\treplace the_excerpt(); with the_content();  below. -->\n\t<div class=\"entry-summary\">\n\t\t<p>Zwei F\u00f6rderschulen H\u00f6ren\/Kommunikation in Nordrhein-Westfalen haben neue Schulleitungen, die wir herzlich begl\u00fcckw\u00fcnschen.Bei einem Termin an einer F\u00f6rderschule m\u00f6chten \u00fcber den Einsatz von Geb\u00e4rdensprache sprechen.Wir m\u00f6chten&hellip;<\/p>\n<p> <a class=\"more-link\" href=\"https:\/\/landeselternverband.de\/?p=631\">Weiterlesen<\/a><\/p>\n\t<\/div>\n\n\t<!--\tThis outputs the post META information -->\n\t<div class=\"entry-utility\">\n\t\t\t\t\t<span class=\"cat-links\">\n\t\t\t\t<span class=\"entry-utility-prep entry-utility-prep-cat-links\">Posted in<\/span> <a href=\"https:\/\/landeselternverband.de\/?cat=72\" rel=\"category\">Vorstandssitzungen<\/a>\t\t\t<\/span>\n\t\t\t<span class=\"meta-sep\">|<\/span>\n\t\t\t\t\t\t<span class=\"comments-link\">\n\t\t\t<a href=\"https:\/\/landeselternverband.de\/?p=631#respond\">Leave a comment<\/a>\t\t<\/span>\n\t\t\t<\/div>\n<\/div>\n<!-- \/\/ Post Wrap End -->\n\n","protected":false},"excerpt":{"rendered":"<p>Wir werden nun immer nach unseren Vorstandssitzungen einen kleinen \u00dcberblick \u00fcber unsere besprochenen Themen hier ver\u00f6ffentlichen. Wenn du auch das eine oder andere Thema hast,&hellip;<\/p>\n<p> <a class=\"more-link\" href=\"https:\/\/landeselternverband.de\/?p=631\">Weiterlesen<\/a><\/p>\n","protected":false},"author":1,"featured_media":190,"parent":78,"menu_order":3,"comment_status":"closed","ping_status":"closed","template":"","meta":{"jetpack_post_was_ever_published":false,"footnotes":""},"class_list":["post-620","page","type-page","status-publish","has-post-thumbnail"],"jetpack_sharing_enabled":true,"jetpack_shortlink":"https:\/\/wp.me\/PaPRwJ-a0","jetpack-related-posts":[{"id":93,"url":"https:\/\/landeselternverband.de\/?page_id=93","url_meta":{"origin":620,"position":0},"title":"Vorstellung Vorstand","author":"AdminLEV","date":"24. M\u00e4rz 2019","format":false,"excerpt":"Der aktuelle Vorstand wurde in der letzten Mitgliederversammlung am 15. September 2018 gew\u00e4hlt.Dies sind seine Vertreter: GESCH\u00c4FTSF\u00dcHRENDER VORSTAND: 1. Vorsitzender: Martin Magiera ist taub. Er ist Vater von drei geh\u00f6rlosen Kindern und lebt mit seiner Familie in Bochum. Er arbeitet als Lehrkraft an der Schule am Leithenhaus, LWL-F\u00f6rderschule f\u00fcr H\u00f6rbehinderten\u2026","rel":"","context":"\u00c4hnlicher Beitrag","block_context":{"text":"\u00c4hnlicher Beitrag","link":""},"img":{"alt_text":"","src":"https:\/\/i0.wp.com\/landeselternverband.de\/wp-content\/uploads\/2022\/02\/Vorstand.jpg?fit=910%2C330&ssl=1&resize=350%2C200","width":350,"height":200,"srcset":"https:\/\/i0.wp.com\/landeselternverband.de\/wp-content\/uploads\/2022\/02\/Vorstand.jpg?fit=910%2C330&ssl=1&resize=350%2C200 1x, https:\/\/i0.wp.com\/landeselternverband.de\/wp-content\/uploads\/2022\/02\/Vorstand.jpg?fit=910%2C330&ssl=1&resize=525%2C300 1.5x, https:\/\/i0.wp.com\/landeselternverband.de\/wp-content\/uploads\/2022\/02\/Vorstand.jpg?fit=910%2C330&ssl=1&resize=700%2C400 2x"},"classes":[]},{"id":80,"url":"https:\/\/landeselternverband.de\/?page_id=80","url_meta":{"origin":620,"position":1},"title":"Unsere Satzung","author":"AdminLEV","date":"24. M\u00e4rz 2019","format":false,"excerpt":"Wie jeder Verein haben wir eine Satzung. Ganz unten auf dieser Seite gibt es diese Version auch als PDF-Datei zum Herunterladen. (Fassung vom 18.11.2017) Pr\u00e4ambel Im Landeselternverband schlie\u00dfen sich Eltern geh\u00f6rloser und schwerh\u00f6riger Kinder und Jugendlicher sowie F\u00f6rderer zusammen, um gemeinsam die Belange der geh\u00f6rlosen und schwerh\u00f6rigen Kinder und Jugendlichen\u2026","rel":"","context":"\u00c4hnlicher Beitrag","block_context":{"text":"\u00c4hnlicher Beitrag","link":""},"img":{"alt_text":"","src":"https:\/\/i0.wp.com\/landeselternverband.de\/wp-content\/uploads\/2019\/03\/IMG_5168.jpg?fit=1200%2C900&ssl=1&resize=350%2C200","width":350,"height":200,"srcset":"https:\/\/i0.wp.com\/landeselternverband.de\/wp-content\/uploads\/2019\/03\/IMG_5168.jpg?fit=1200%2C900&ssl=1&resize=350%2C200 1x, https:\/\/i0.wp.com\/landeselternverband.de\/wp-content\/uploads\/2019\/03\/IMG_5168.jpg?fit=1200%2C900&ssl=1&resize=525%2C300 1.5x, https:\/\/i0.wp.com\/landeselternverband.de\/wp-content\/uploads\/2019\/03\/IMG_5168.jpg?fit=1200%2C900&ssl=1&resize=700%2C400 2x, https:\/\/i0.wp.com\/landeselternverband.de\/wp-content\/uploads\/2019\/03\/IMG_5168.jpg?fit=1200%2C900&ssl=1&resize=1050%2C600 3x"},"classes":[]},{"id":107,"url":"https:\/\/landeselternverband.de\/?page_id=107","url_meta":{"origin":620,"position":2},"title":"Impressum","author":"AdminLEV","date":"24. M\u00e4rz 2019","format":false,"excerpt":"Landeselternverband geh\u00f6rloser und schwerh\u00f6riger Kinder und Jugendlicher NRW e. V.Sunderplatz 745472 M\u00fclheim\/Ruhr E-Mail: info@landeselternverband.de Vertreten durch: Gesch\u00e4ftsf\u00fchrender Vorstand:1. Vorsitzender: Martin Magiera2. Vorsitzende: Liane BoyGesch\u00e4ftsf\u00fchrerin: Kira Kn\u00fchmann-StengelSchriftf\u00fchrerin: Susann Harnisch Registereintrag: Eingetragen im Vereinsregister.Registergericht: Amtsgericht EssenRegisternummer: VR 2280 Verantwortlich f\u00fcr den Inhalt (gem. \u00a7 55 Abs. 2 RStV): Susann HarnischBleek 447877 Willich\u2026","rel":"","context":"\u00c4hnlicher Beitrag","block_context":{"text":"\u00c4hnlicher Beitrag","link":""},"img":{"alt_text":"","src":"https:\/\/i0.wp.com\/landeselternverband.de\/wp-content\/uploads\/2019\/03\/trent-erwin-338084-unsplash-e1552769760838-1.jpg?fit=1200%2C311&ssl=1&resize=350%2C200","width":350,"height":200,"srcset":"https:\/\/i0.wp.com\/landeselternverband.de\/wp-content\/uploads\/2019\/03\/trent-erwin-338084-unsplash-e1552769760838-1.jpg?fit=1200%2C311&ssl=1&resize=350%2C200 1x, https:\/\/i0.wp.com\/landeselternverband.de\/wp-content\/uploads\/2019\/03\/trent-erwin-338084-unsplash-e1552769760838-1.jpg?fit=1200%2C311&ssl=1&resize=525%2C300 1.5x, https:\/\/i0.wp.com\/landeselternverband.de\/wp-content\/uploads\/2019\/03\/trent-erwin-338084-unsplash-e1552769760838-1.jpg?fit=1200%2C311&ssl=1&resize=700%2C400 2x, https:\/\/i0.wp.com\/landeselternverband.de\/wp-content\/uploads\/2019\/03\/trent-erwin-338084-unsplash-e1552769760838-1.jpg?fit=1200%2C311&ssl=1&resize=1050%2C600 3x"},"classes":[]},{"id":91,"url":"https:\/\/landeselternverband.de\/?page_id=91","url_meta":{"origin":620,"position":3},"title":"Bedeutung unseres Logos","author":"AdminLEV","date":"24. M\u00e4rz 2019","format":false,"excerpt":"Unser Logo setzt sich aus drei Bestandteilen zusammen.aus der Farbe T\u00fcrkis,aus dem Rand in Form einer Hand undaus einer Familie in einer Sprechblase Die Farbe T\u00fcrkis hat sich seit 2001 in der Geh\u00f6rlosengemeinschaft als symbolische Farbe der Sprachgemeinschaft durchgesetzt. Angefangen hat es damit in \u00d6sterreich. Seit 2010 gibt es in\u2026","rel":"","context":"\u00c4hnlicher Beitrag","block_context":{"text":"\u00c4hnlicher Beitrag","link":""},"img":{"alt_text":"","src":"https:\/\/i0.wp.com\/landeselternverband.de\/wp-content\/uploads\/2019\/03\/Logo-LEV_menu-1.jpg?fit=1200%2C541&ssl=1&resize=350%2C200","width":350,"height":200,"srcset":"https:\/\/i0.wp.com\/landeselternverband.de\/wp-content\/uploads\/2019\/03\/Logo-LEV_menu-1.jpg?fit=1200%2C541&ssl=1&resize=350%2C200 1x, https:\/\/i0.wp.com\/landeselternverband.de\/wp-content\/uploads\/2019\/03\/Logo-LEV_menu-1.jpg?fit=1200%2C541&ssl=1&resize=525%2C300 1.5x, https:\/\/i0.wp.com\/landeselternverband.de\/wp-content\/uploads\/2019\/03\/Logo-LEV_menu-1.jpg?fit=1200%2C541&ssl=1&resize=700%2C400 2x, https:\/\/i0.wp.com\/landeselternverband.de\/wp-content\/uploads\/2019\/03\/Logo-LEV_menu-1.jpg?fit=1200%2C541&ssl=1&resize=1050%2C600 3x"},"classes":[]},{"id":857,"url":"https:\/\/landeselternverband.de\/?page_id=857","url_meta":{"origin":620,"position":4},"title":"Offener Brief","author":"AdminLEV","date":"17. Februar 2022","format":false,"excerpt":"M\u00fclheim, 21.02.2022 17 Jahre Stillstand Viele h\u00f6rbehinderte Kinder besuchen die F\u00f6rderschulen f\u00fcr H\u00f6ren und Kommunikation in Nordrhein-Westfalen. Die h\u00f6renden und geh\u00f6rlosen Eltern dieser Kinder haben sich bewusst f\u00fcr diese Schulform entschieden, um f\u00fcr ihre Kinder die bestm\u00f6gliche F\u00f6rderung und Bildung zu erzielen. Die deutsche Geb\u00e4rdensprache (DGS) ist ein elementarer Bestandteil\u2026","rel":"","context":"\u00c4hnlicher Beitrag","block_context":{"text":"\u00c4hnlicher Beitrag","link":""},"img":{"alt_text":"","src":"https:\/\/i0.wp.com\/landeselternverband.de\/wp-content\/uploads\/2019\/03\/roman-kraft-260082-unsplash-e1552825200865-1.jpg?fit=1200%2C251&ssl=1&resize=350%2C200","width":350,"height":200,"srcset":"https:\/\/i0.wp.com\/landeselternverband.de\/wp-content\/uploads\/2019\/03\/roman-kraft-260082-unsplash-e1552825200865-1.jpg?fit=1200%2C251&ssl=1&resize=350%2C200 1x, https:\/\/i0.wp.com\/landeselternverband.de\/wp-content\/uploads\/2019\/03\/roman-kraft-260082-unsplash-e1552825200865-1.jpg?fit=1200%2C251&ssl=1&resize=525%2C300 1.5x, https:\/\/i0.wp.com\/landeselternverband.de\/wp-content\/uploads\/2019\/03\/roman-kraft-260082-unsplash-e1552825200865-1.jpg?fit=1200%2C251&ssl=1&resize=700%2C400 2x, https:\/\/i0.wp.com\/landeselternverband.de\/wp-content\/uploads\/2019\/03\/roman-kraft-260082-unsplash-e1552825200865-1.jpg?fit=1200%2C251&ssl=1&resize=1050%2C600 3x"},"classes":[]}],"_links":{"self":[{"href":"https:\/\/landeselternverband.de\/index.php?rest_route=\/wp\/v2\/pages\/620","targetHints":{"allow":["GET"]}}],"collection":[{"href":"https:\/\/landeselternverband.de\/index.php?rest_route=\/wp\/v2\/pages"}],"about":[{"href":"https:\/\/landeselternverband.de\/index.php?rest_route=\/wp\/v2\/types\/page"}],"author":[{"embeddable":true,"href":"https:\/\/landeselternverband.de\/index.php?rest_route=\/wp\/v2\/users\/1"}],"replies":[{"embeddable":true,"href":"https:\/\/landeselternverband.de\/index.php?rest_route=%2Fwp%2Fv2%2Fcomments&post=620"}],"version-history":[{"count":3,"href":"https:\/\/landeselternverband.de\/index.php?rest_route=\/wp\/v2\/pages\/620\/revisions"}],"predecessor-version":[{"id":630,"href":"https:\/\/landeselternverband.de\/index.php?rest_route=\/wp\/v2\/pages\/620\/revisions\/630"}],"up":[{"embeddable":true,"href":"https:\/\/landeselternverband.de\/index.php?rest_route=\/wp\/v2\/pages\/78"}],"wp:featuredmedia":[{"embeddable":true,"href":"https:\/\/landeselternverband.de\/index.php?rest_route=\/wp\/v2\/media\/190"}],"wp:attachment":[{"href":"https:\/\/landeselternverband.de\/index.php?rest_route=%2Fwp%2Fv2%2Fmedia&parent=620"}],"curies":[{"name":"wp","href":"https:\/\/api.w.org\/{rel}","templated":true}]}}