{"id":65,"date":"2019-03-24T09:42:35","date_gmt":"2019-03-24T08:42:35","guid":{"rendered":"http:\/\/landeselternverband.de\/?page_id=65"},"modified":"2022-09-08T20:46:08","modified_gmt":"2022-09-08T18:46:08","slug":"was-gibts-neues","status":"publish","type":"page","link":"https:\/\/landeselternverband.de\/?page_id=65","title":{"rendered":"Was gibt&#8217;s Neues?"},"content":{"rendered":"<div id=\"ect-no-events\"><p>There are no upcoming events at this time.<\/p><\/div>\n\n\n\n<!-- NOTE: If you need to make changes to this file, copy it to your current theme's main\n\tdirectory so your changes won't be overwritten when the plugin is upgraded. -->\n\n<!-- Post Wrap Start-->\n<div class=\"post hentry ivycat-post\">\n\n\t<!-- \tThis outputs the post TITLE -->\n\t<h2 class=\"entry-title\"><a href=\"https:\/\/landeselternverband.de\/?p=1015\">Stellungnahme zum Gesamtkonzept des inklusiven Schulsystems, insbesondere f\u00fcr h\u00f6rbehinderte Kinder<\/a><\/h2>\n\n\t<!-- \tThis outputs the post EXCERPT.  To display full content including images and html,\n\t\treplace the_excerpt(); with the_content();  below. -->\n\t<div class=\"entry-summary\">\n\t\t<p>Die aktuelle Ver\u00f6ffentlichung des Deutschen Instituts f\u00fcr Menschenrechte \u201eSchulische Inklusion wirksam umsetzen\u201c stellt das Gesamtkonzepts zur Umstrukturierung allgemeiner zu inklusiven Schulen vor, das den systematischen&hellip;<\/p>\n<p> <a class=\"more-link\" href=\"https:\/\/landeselternverband.de\/?p=1015\">Weiterlesen<\/a><\/p>\n\t<\/div>\n\n\t<!--\tThis outputs the post META information -->\n\t<div class=\"entry-utility\">\n\t\t\t\t\t<span class=\"cat-links\">\n\t\t\t\t<span class=\"entry-utility-prep entry-utility-prep-cat-links\">Posted in<\/span> <a href=\"https:\/\/landeselternverband.de\/?cat=2\" rel=\"category\">Stellungnahme<\/a>\t\t\t<\/span>\n\t\t\t<span class=\"meta-sep\">|<\/span>\n\t\t\t\t\t\t\t<span class=\"tag-links\">\n\t\t\t\t<span class=\"entry-utility-prep entry-utility-prep-tag-links\">Tagged<\/span> <a href=\"https:\/\/landeselternverband.de\/?tag=foerderschule\" rel=\"tag\">F\u00f6rderschule<\/a>, <a href=\"https:\/\/landeselternverband.de\/?tag=inklusion\" rel=\"tag\">Inklusion<\/a>, <a href=\"https:\/\/landeselternverband.de\/?tag=stellungnahme\" rel=\"tag\">Stellungnahme<\/a>\t\t\t<\/span>\n\t\t\t<span class=\"meta-sep\">|<\/span>\n\t\t\t\t<span class=\"comments-link\">\n\t\t\t<a href=\"https:\/\/landeselternverband.de\/?p=1015#respond\">Leave a comment<\/a>\t\t<\/span>\n\t\t\t<\/div>\n<\/div>\n<!-- \/\/ Post Wrap End -->\n\n<!-- NOTE: If you need to make changes to this file, copy it to your current theme's main\n\tdirectory so your changes won't be overwritten when the plugin is upgraded. -->\n\n<!-- Post Wrap Start-->\n<div class=\"post hentry ivycat-post\">\n\n\t<!-- \tThis outputs the post TITLE -->\n\t<h2 class=\"entry-title\"><a href=\"https:\/\/landeselternverband.de\/?p=690\">Seite f\u00fcr Eltern mit Lernschwierigkeiten<\/a><\/h2>\n\n\t<!-- \tThis outputs the post EXCERPT.  To display full content including images and html,\n\t\treplace the_excerpt(); with the_content();  below. -->\n\t<div class=\"entry-summary\">\n\t\t<p>Viele Menschen mit Lernschwierigkeiten wollen sich \u00fcber das Thema Elternschaft informieren. Daf\u00fcr gibt es jetzt eine Seite im Internet. Hier kann nachgelesen werden, was man&hellip;<\/p>\n<p> <a class=\"more-link\" href=\"https:\/\/landeselternverband.de\/?p=690\">Weiterlesen<\/a><\/p>\n\t<\/div>\n\n\t<!--\tThis outputs the post META information -->\n\t<div class=\"entry-utility\">\n\t\t\t\t\t<span class=\"cat-links\">\n\t\t\t\t<span class=\"entry-utility-prep entry-utility-prep-cat-links\">Posted in<\/span> <a href=\"https:\/\/landeselternverband.de\/?cat=1\" rel=\"category\">Uncategorized<\/a>\t\t\t<\/span>\n\t\t\t<span class=\"meta-sep\">|<\/span>\n\t\t\t\t\t\t<span class=\"comments-link\">\n\t\t\t<a href=\"https:\/\/landeselternverband.de\/?p=690#respond\">Leave a comment<\/a>\t\t<\/span>\n\t\t\t<\/div>\n<\/div>\n<!-- \/\/ Post Wrap End -->\n\n<!-- NOTE: If you need to make changes to this file, copy it to your current theme's main\n\tdirectory so your changes won't be overwritten when the plugin is upgraded. -->\n\n<!-- Post Wrap Start-->\n<div class=\"post hentry ivycat-post\">\n\n\t<!-- \tThis outputs the post TITLE -->\n\t<h2 class=\"entry-title\"><a href=\"https:\/\/landeselternverband.de\/?p=686\">geh\u00f6rlos aktiv in M\u00fcnster<\/a><\/h2>\n\n\t<!-- \tThis outputs the post EXCERPT.  To display full content including images and html,\n\t\treplace the_excerpt(); with the_content();  below. -->\n\t<div class=\"entry-summary\">\n\t\t<p>Die Beratungsstelle Parisozial M\u00fcnsterland bietet im Rahmen des Projektes &#8222;geh\u00f6rlos aktiv in M\u00fcnster&#8220; ein sportliches Event an. Hier gibt es mehr Infos dazu: Und hier&hellip;<\/p>\n<p> <a class=\"more-link\" href=\"https:\/\/landeselternverband.de\/?p=686\">Weiterlesen<\/a><\/p>\n\t<\/div>\n\n\t<!--\tThis outputs the post META information -->\n\t<div class=\"entry-utility\">\n\t\t\t\t\t<span class=\"cat-links\">\n\t\t\t\t<span class=\"entry-utility-prep entry-utility-prep-cat-links\">Posted in<\/span> <a href=\"https:\/\/landeselternverband.de\/?cat=1\" rel=\"category\">Uncategorized<\/a>\t\t\t<\/span>\n\t\t\t<span class=\"meta-sep\">|<\/span>\n\t\t\t\t\t\t<span class=\"comments-link\">\n\t\t\t<a href=\"https:\/\/landeselternverband.de\/?p=686#respond\">Leave a comment<\/a>\t\t<\/span>\n\t\t\t<\/div>\n<\/div>\n<!-- \/\/ Post Wrap End -->\n\n<!-- NOTE: If you need to make changes to this file, copy it to your current theme's main\n\tdirectory so your changes won't be overwritten when the plugin is upgraded. -->\n\n<!-- Post Wrap Start-->\n<div class=\"post hentry ivycat-post\">\n\n\t<!-- \tThis outputs the post TITLE -->\n\t<h2 class=\"entry-title\"><a href=\"https:\/\/landeselternverband.de\/?p=682\">Umfrage f\u00fcr Eltern mit CI-Kind(ern) und Geb\u00e4rdensprache<\/a><\/h2>\n\n\t<!-- \tThis outputs the post EXCERPT.  To display full content including images and html,\n\t\treplace the_excerpt(); with the_content();  below. -->\n\t<div class=\"entry-summary\">\n\t\t<p>Uns hat eine Umfrage f\u00fcr Eltern mit CI-implantierten Kind(ern) erreicht, die auch Geb\u00e4rdensprache lernen. Und HIER gibt es die Umfrage. Danke f\u00fcrs Mitmachen!<\/p>\n\t<\/div>\n\n\t<!--\tThis outputs the post META information -->\n\t<div class=\"entry-utility\">\n\t\t\t\t\t<span class=\"cat-links\">\n\t\t\t\t<span class=\"entry-utility-prep entry-utility-prep-cat-links\">Posted in<\/span> <a href=\"https:\/\/landeselternverband.de\/?cat=1\" rel=\"category\">Uncategorized<\/a>\t\t\t<\/span>\n\t\t\t<span class=\"meta-sep\">|<\/span>\n\t\t\t\t\t\t<span class=\"comments-link\">\n\t\t\t<a href=\"https:\/\/landeselternverband.de\/?p=682#respond\">Leave a comment<\/a>\t\t<\/span>\n\t\t\t<\/div>\n<\/div>\n<!-- \/\/ Post Wrap End -->\n\n<!-- NOTE: If you need to make changes to this file, copy it to your current theme's main\n\tdirectory so your changes won't be overwritten when the plugin is upgraded. -->\n\n<!-- Post Wrap Start-->\n<div class=\"post hentry ivycat-post\">\n\n\t<!-- \tThis outputs the post TITLE -->\n\t<h2 class=\"entry-title\"><a href=\"https:\/\/landeselternverband.de\/?p=677\">Hilfe f\u00fcr Th\u00fcringen<\/a><\/h2>\n\n\t<!-- \tThis outputs the post EXCERPT.  To display full content including images and html,\n\t\treplace the_excerpt(); with the_content();  below. -->\n\t<div class=\"entry-summary\">\n\t\t<p>Im Th\u00fcringer Gesetz zur Inklusion und Gleichstellung von Menschen mit Behinderungen (Th\u00fcrGIG) wurden geh\u00f6rlose Eltern mit Coda-Kindern vergessen. Aufgrund dieses Fehlers im Gesetz gab es&hellip;<\/p>\n<p> <a class=\"more-link\" href=\"https:\/\/landeselternverband.de\/?p=677\">Weiterlesen<\/a><\/p>\n\t<\/div>\n\n\t<!--\tThis outputs the post META information -->\n\t<div class=\"entry-utility\">\n\t\t\t\t\t<span class=\"cat-links\">\n\t\t\t\t<span class=\"entry-utility-prep entry-utility-prep-cat-links\">Posted in<\/span> <a href=\"https:\/\/landeselternverband.de\/?cat=1\" rel=\"category\">Uncategorized<\/a>\t\t\t<\/span>\n\t\t\t<span class=\"meta-sep\">|<\/span>\n\t\t\t\t\t\t<span class=\"comments-link\">\n\t\t\t<a href=\"https:\/\/landeselternverband.de\/?p=677#respond\">Leave a comment<\/a>\t\t<\/span>\n\t\t\t<\/div>\n<\/div>\n<!-- \/\/ Post Wrap End -->\n\n<!-- NOTE: If you need to make changes to this file, copy it to your current theme's main\n\tdirectory so your changes won't be overwritten when the plugin is upgraded. -->\n\n<!-- Post Wrap Start-->\n<div class=\"post hentry ivycat-post\">\n\n\t<!-- \tThis outputs the post TITLE -->\n\t<h2 class=\"entry-title\"><a href=\"https:\/\/landeselternverband.de\/?p=647\">Vorstandssitzung vom 2. Oktober 2020<\/a><\/h2>\n\n\t<!-- \tThis outputs the post EXCERPT.  To display full content including images and html,\n\t\treplace the_excerpt(); with the_content();  below. -->\n\t<div class=\"entry-summary\">\n\t\t<p>Wir haben dieses Mal alle Termine f\u00fcr das kommende Jahr abgestimmt. Hier die wichtigsten f\u00fcr euch: Am 21. November 2021 ist die n\u00e4chste Mitgliederversammlung. F\u00fcr&hellip;<\/p>\n<p> <a class=\"more-link\" href=\"https:\/\/landeselternverband.de\/?p=647\">Weiterlesen<\/a><\/p>\n\t<\/div>\n\n\t<!--\tThis outputs the post META information -->\n\t<div class=\"entry-utility\">\n\t\t\t\t\t<span class=\"cat-links\">\n\t\t\t\t<span class=\"entry-utility-prep entry-utility-prep-cat-links\">Posted in<\/span> <a href=\"https:\/\/landeselternverband.de\/?cat=1\" rel=\"category\">Uncategorized<\/a>\t\t\t<\/span>\n\t\t\t<span class=\"meta-sep\">|<\/span>\n\t\t\t\t\t\t<span class=\"comments-link\">\n\t\t\t<a href=\"https:\/\/landeselternverband.de\/?p=647#respond\">Leave a comment<\/a>\t\t<\/span>\n\t\t\t<\/div>\n<\/div>\n<!-- \/\/ Post Wrap End -->\n\n<!-- NOTE: If you need to make changes to this file, copy it to your current theme's main\n\tdirectory so your changes won't be overwritten when the plugin is upgraded. -->\n\n<!-- Post Wrap Start-->\n<div class=\"post hentry ivycat-post\">\n\n\t<!-- \tThis outputs the post TITLE -->\n\t<h2 class=\"entry-title\"><a href=\"https:\/\/landeselternverband.de\/?p=644\">DRINGEND! Macht bitte alle bei dieser Umfrage mit!<\/a><\/h2>\n\n\t<!-- \tThis outputs the post EXCERPT.  To display full content including images and html,\n\t\treplace the_excerpt(); with the_content();  below. -->\n\t<div class=\"entry-summary\">\n\t\t<p>Liebe Eltern mit h\u00f6rbehinderten Kindern, die europ\u00e4ische Elternvereinigung FEPEDA f\u00fchrt noch bis morgen (04.10.2020) eine Elternumfrage durch, um die Bed\u00fcrfnisse von Familien mit geh\u00f6rlosen und&hellip;<\/p>\n<p> <a class=\"more-link\" href=\"https:\/\/landeselternverband.de\/?p=644\">Weiterlesen<\/a><\/p>\n\t<\/div>\n\n\t<!--\tThis outputs the post META information -->\n\t<div class=\"entry-utility\">\n\t\t\t\t\t<span class=\"cat-links\">\n\t\t\t\t<span class=\"entry-utility-prep entry-utility-prep-cat-links\">Posted in<\/span> <a href=\"https:\/\/landeselternverband.de\/?cat=40\" rel=\"category\">Umfrage<\/a>, <a href=\"https:\/\/landeselternverband.de\/?cat=1\" rel=\"category\">Uncategorized<\/a>\t\t\t<\/span>\n\t\t\t<span class=\"meta-sep\">|<\/span>\n\t\t\t\t\t\t\t<span class=\"tag-links\">\n\t\t\t\t<span class=\"entry-utility-prep entry-utility-prep-tag-links\">Tagged<\/span> <a href=\"https:\/\/landeselternverband.de\/?tag=fepeda\" rel=\"tag\">FEPEDA<\/a>, <a href=\"https:\/\/landeselternverband.de\/?tag=politik\" rel=\"tag\">Politik<\/a>, <a href=\"https:\/\/landeselternverband.de\/?tag=umfrage\" rel=\"tag\">Umfrage<\/a>\t\t\t<\/span>\n\t\t\t<span class=\"meta-sep\">|<\/span>\n\t\t\t\t<span class=\"comments-link\">\n\t\t\t<a href=\"https:\/\/landeselternverband.de\/?p=644#respond\">Leave a comment<\/a>\t\t<\/span>\n\t\t\t<\/div>\n<\/div>\n<!-- \/\/ Post Wrap End -->\n\n<!-- NOTE: If you need to make changes to this file, copy it to your current theme's main\n\tdirectory so your changes won't be overwritten when the plugin is upgraded. -->\n\n<!-- Post Wrap Start-->\n<div class=\"post hentry ivycat-post\">\n\n\t<!-- \tThis outputs the post TITLE -->\n\t<h2 class=\"entry-title\"><a href=\"https:\/\/landeselternverband.de\/?p=638\">Ger\u00e4uscherkennung unter iOS 14 f\u00fcr Geh\u00f6rlose<\/a><\/h2>\n\n\t<!-- \tThis outputs the post EXCERPT.  To display full content including images and html,\n\t\treplace the_excerpt(); with the_content();  below. -->\n\t<div class=\"entry-summary\">\n\t\t<p>Das neue Update f\u00fcr iPhones enth\u00e4lt eine n\u00fctzliche Einstellung: Die Ger\u00e4uscherkennung. Sie reagiert unter anderem auf Klopfen, Klingeln, Sirenen, Wasserrauschen oder Babygeschrei. Sehr n\u00fctzlich, da&hellip;<\/p>\n<p> <a class=\"more-link\" href=\"https:\/\/landeselternverband.de\/?p=638\">Weiterlesen<\/a><\/p>\n\t<\/div>\n\n\t<!--\tThis outputs the post META information -->\n\t<div class=\"entry-utility\">\n\t\t\t\t\t<span class=\"cat-links\">\n\t\t\t\t<span class=\"entry-utility-prep entry-utility-prep-cat-links\">Posted in<\/span> <a href=\"https:\/\/landeselternverband.de\/?cat=1\" rel=\"category\">Uncategorized<\/a>\t\t\t<\/span>\n\t\t\t<span class=\"meta-sep\">|<\/span>\n\t\t\t\t\t\t\t<span class=\"tag-links\">\n\t\t\t\t<span class=\"entry-utility-prep entry-utility-prep-tag-links\">Tagged<\/span> <a href=\"https:\/\/landeselternverband.de\/?tag=apple\" rel=\"tag\">Apple<\/a>, <a href=\"https:\/\/landeselternverband.de\/?tag=ios\" rel=\"tag\">iOS<\/a>, <a href=\"https:\/\/landeselternverband.de\/?tag=iphone\" rel=\"tag\">iPhone<\/a>, <a href=\"https:\/\/landeselternverband.de\/?tag=technik\" rel=\"tag\">Technik<\/a>\t\t\t<\/span>\n\t\t\t<span class=\"meta-sep\">|<\/span>\n\t\t\t\t<span class=\"comments-link\">\n\t\t\t<a href=\"https:\/\/landeselternverband.de\/?p=638#respond\">Leave a comment<\/a>\t\t<\/span>\n\t\t\t<\/div>\n<\/div>\n<!-- \/\/ Post Wrap End -->\n\n<!-- NOTE: If you need to make changes to this file, copy it to your current theme's main\n\tdirectory so your changes won't be overwritten when the plugin is upgraded. -->\n\n<!-- Post Wrap Start-->\n<div class=\"post hentry ivycat-post\">\n\n\t<!-- \tThis outputs the post TITLE -->\n\t<h2 class=\"entry-title\"><a href=\"https:\/\/landeselternverband.de\/?p=631\">Vorstandssitzung vom 18. September 2020<\/a><\/h2>\n\n\t<!-- \tThis outputs the post EXCERPT.  To display full content including images and html,\n\t\treplace the_excerpt(); with the_content();  below. -->\n\t<div class=\"entry-summary\">\n\t\t<p>Zwei F\u00f6rderschulen H\u00f6ren\/Kommunikation in Nordrhein-Westfalen haben neue Schulleitungen, die wir herzlich begl\u00fcckw\u00fcnschen. Bei einem Termin an einer F\u00f6rderschule m\u00f6chten \u00fcber den Einsatz von Geb\u00e4rdensprache sprechen.&hellip;<\/p>\n<p> <a class=\"more-link\" href=\"https:\/\/landeselternverband.de\/?p=631\">Weiterlesen<\/a><\/p>\n\t<\/div>\n\n\t<!--\tThis outputs the post META information -->\n\t<div class=\"entry-utility\">\n\t\t\t\t\t<span class=\"cat-links\">\n\t\t\t\t<span class=\"entry-utility-prep entry-utility-prep-cat-links\">Posted in<\/span> <a href=\"https:\/\/landeselternverband.de\/?cat=72\" rel=\"category\">Vorstandssitzungen<\/a>\t\t\t<\/span>\n\t\t\t<span class=\"meta-sep\">|<\/span>\n\t\t\t\t\t\t<span class=\"comments-link\">\n\t\t\t<a href=\"https:\/\/landeselternverband.de\/?p=631#respond\">Leave a comment<\/a>\t\t<\/span>\n\t\t\t<\/div>\n<\/div>\n<!-- \/\/ Post Wrap End -->\n\n<!-- NOTE: If you need to make changes to this file, copy it to your current theme's main\n\tdirectory so your changes won't be overwritten when the plugin is upgraded. -->\n\n<!-- Post Wrap Start-->\n<div class=\"post hentry ivycat-post\">\n\n\t<!-- \tThis outputs the post TITLE -->\n\t<h2 class=\"entry-title\"><a href=\"https:\/\/landeselternverband.de\/?p=563\">Kinderinfo zu Corona<\/a><\/h2>\n\n\t<!-- \tThis outputs the post EXCERPT.  To display full content including images and html,\n\t\treplace the_excerpt(); with the_content();  below. -->\n\t<div class=\"entry-summary\">\n\t\t<p>Hier findest du ein Video f\u00fcr Kinder, das \u00fcber den Coronavirus informiert: http:\/\/www.guckmich.tv\/guckmich.html<\/p>\n\t<\/div>\n\n\t<!--\tThis outputs the post META information -->\n\t<div class=\"entry-utility\">\n\t\t\t\t\t<span class=\"cat-links\">\n\t\t\t\t<span class=\"entry-utility-prep entry-utility-prep-cat-links\">Posted in<\/span> <a href=\"https:\/\/landeselternverband.de\/?cat=70\" rel=\"category\">Gesundheit<\/a>\t\t\t<\/span>\n\t\t\t<span class=\"meta-sep\">|<\/span>\n\t\t\t\t\t\t\t<span class=\"tag-links\">\n\t\t\t\t<span class=\"entry-utility-prep entry-utility-prep-tag-links\">Tagged<\/span> <a href=\"https:\/\/landeselternverband.de\/?tag=corona\" rel=\"tag\">Corona<\/a>\t\t\t<\/span>\n\t\t\t<span class=\"meta-sep\">|<\/span>\n\t\t\t\t<span class=\"comments-link\">\n\t\t\t<a href=\"https:\/\/landeselternverband.de\/?p=563#respond\">Leave a comment<\/a>\t\t<\/span>\n\t\t\t<\/div>\n<\/div>\n<!-- \/\/ Post Wrap End -->\n\n\n\n\n<p><\/p>\n","protected":false},"excerpt":{"rendered":"","protected":false},"author":1,"featured_media":116,"parent":12,"menu_order":0,"comment_status":"closed","ping_status":"closed","template":"archives-template.php","meta":{"jetpack_post_was_ever_published":false,"footnotes":""},"class_list":["post-65","page","type-page","status-publish","has-post-thumbnail"],"jetpack_sharing_enabled":true,"jetpack_shortlink":"https:\/\/wp.me\/PaPRwJ-13","jetpack-related-posts":[{"id":153,"url":"https:\/\/landeselternverband.de\/?page_id=153","url_meta":{"origin":65,"position":0},"title":"Veranstaltungen","author":"AdminLEV","date":"25. M\u00e4rz 2019","format":false,"excerpt":"","rel":"","context":"\u00c4hnlicher Beitrag","block_context":{"text":"\u00c4hnlicher Beitrag","link":""},"img":{"alt_text":"","src":"https:\/\/i0.wp.com\/landeselternverband.de\/wp-content\/uploads\/2019\/03\/IMG_7044.jpg?fit=1200%2C674&ssl=1&resize=350%2C200","width":350,"height":200,"srcset":"https:\/\/i0.wp.com\/landeselternverband.de\/wp-content\/uploads\/2019\/03\/IMG_7044.jpg?fit=1200%2C674&ssl=1&resize=350%2C200 1x, https:\/\/i0.wp.com\/landeselternverband.de\/wp-content\/uploads\/2019\/03\/IMG_7044.jpg?fit=1200%2C674&ssl=1&resize=525%2C300 1.5x, https:\/\/i0.wp.com\/landeselternverband.de\/wp-content\/uploads\/2019\/03\/IMG_7044.jpg?fit=1200%2C674&ssl=1&resize=700%2C400 2x, https:\/\/i0.wp.com\/landeselternverband.de\/wp-content\/uploads\/2019\/03\/IMG_7044.jpg?fit=1200%2C674&ssl=1&resize=1050%2C600 3x"},"classes":[]},{"id":86,"url":"https:\/\/landeselternverband.de\/?page_id=86","url_meta":{"origin":65,"position":1},"title":"Geplante Veranstaltungen","author":"AdminLEV","date":"24. M\u00e4rz 2019","format":false,"excerpt":"","rel":"","context":"\u00c4hnlicher Beitrag","block_context":{"text":"\u00c4hnlicher Beitrag","link":""},"img":{"alt_text":"","src":"https:\/\/i0.wp.com\/landeselternverband.de\/wp-content\/uploads\/2019\/03\/Familie-gemalt.jpg?fit=1200%2C1066&ssl=1&resize=350%2C200","width":350,"height":200,"srcset":"https:\/\/i0.wp.com\/landeselternverband.de\/wp-content\/uploads\/2019\/03\/Familie-gemalt.jpg?fit=1200%2C1066&ssl=1&resize=350%2C200 1x, https:\/\/i0.wp.com\/landeselternverband.de\/wp-content\/uploads\/2019\/03\/Familie-gemalt.jpg?fit=1200%2C1066&ssl=1&resize=525%2C300 1.5x, https:\/\/i0.wp.com\/landeselternverband.de\/wp-content\/uploads\/2019\/03\/Familie-gemalt.jpg?fit=1200%2C1066&ssl=1&resize=700%2C400 2x, https:\/\/i0.wp.com\/landeselternverband.de\/wp-content\/uploads\/2019\/03\/Familie-gemalt.jpg?fit=1200%2C1066&ssl=1&resize=1050%2C600 3x"},"classes":[]},{"id":420,"url":"https:\/\/landeselternverband.de\/?page_id=420","url_meta":{"origin":65,"position":2},"title":"Engagiert &#8211; Karin Kestner","author":"Susann Harnisch","date":"8. Juli 2019","format":false,"excerpt":"Am 4. Juni 2019 ist Karin Kestner gestorben. Sie war eine gro\u00dfartige Frau, die sich f\u00fcr die Interessen der Geh\u00f6rlosen in unserer Gesellschaft stark gemacht hat. Vor allem f\u00fcr Kinder setzte sie sich ein. Sie entwickelte M\u00f6glichkeiten der Geb\u00e4rdensprachf\u00f6rderung durch den PC und sie stritt vor Gerichten gegen Zwangsimplantierungen und\u2026","rel":"","context":"\u00c4hnlicher Beitrag","block_context":{"text":"\u00c4hnlicher Beitrag","link":""},"img":{"alt_text":"","src":"https:\/\/i0.wp.com\/landeselternverband.de\/wp-content\/uploads\/2019\/06\/Kerze-e1559808800783.jpg?fit=1200%2C1087&ssl=1&resize=350%2C200","width":350,"height":200,"srcset":"https:\/\/i0.wp.com\/landeselternverband.de\/wp-content\/uploads\/2019\/06\/Kerze-e1559808800783.jpg?fit=1200%2C1087&ssl=1&resize=350%2C200 1x, https:\/\/i0.wp.com\/landeselternverband.de\/wp-content\/uploads\/2019\/06\/Kerze-e1559808800783.jpg?fit=1200%2C1087&ssl=1&resize=525%2C300 1.5x, https:\/\/i0.wp.com\/landeselternverband.de\/wp-content\/uploads\/2019\/06\/Kerze-e1559808800783.jpg?fit=1200%2C1087&ssl=1&resize=700%2C400 2x, https:\/\/i0.wp.com\/landeselternverband.de\/wp-content\/uploads\/2019\/06\/Kerze-e1559808800783.jpg?fit=1200%2C1087&ssl=1&resize=1050%2C600 3x"},"classes":[]},{"id":857,"url":"https:\/\/landeselternverband.de\/?page_id=857","url_meta":{"origin":65,"position":3},"title":"Offener Brief","author":"AdminLEV","date":"17. Februar 2022","format":false,"excerpt":"M\u00fclheim, 21.02.2022 17 Jahre Stillstand Viele h\u00f6rbehinderte Kinder besuchen die F\u00f6rderschulen f\u00fcr H\u00f6ren und Kommunikation in Nordrhein-Westfalen. Die h\u00f6renden und geh\u00f6rlosen Eltern dieser Kinder haben sich bewusst f\u00fcr diese Schulform entschieden, um f\u00fcr ihre Kinder die bestm\u00f6gliche F\u00f6rderung und Bildung zu erzielen. Die deutsche Geb\u00e4rdensprache (DGS) ist ein elementarer Bestandteil\u2026","rel":"","context":"\u00c4hnlicher Beitrag","block_context":{"text":"\u00c4hnlicher Beitrag","link":""},"img":{"alt_text":"","src":"https:\/\/i0.wp.com\/landeselternverband.de\/wp-content\/uploads\/2019\/03\/roman-kraft-260082-unsplash-e1552825200865-1.jpg?fit=1200%2C251&ssl=1&resize=350%2C200","width":350,"height":200,"srcset":"https:\/\/i0.wp.com\/landeselternverband.de\/wp-content\/uploads\/2019\/03\/roman-kraft-260082-unsplash-e1552825200865-1.jpg?fit=1200%2C251&ssl=1&resize=350%2C200 1x, https:\/\/i0.wp.com\/landeselternverband.de\/wp-content\/uploads\/2019\/03\/roman-kraft-260082-unsplash-e1552825200865-1.jpg?fit=1200%2C251&ssl=1&resize=525%2C300 1.5x, https:\/\/i0.wp.com\/landeselternverband.de\/wp-content\/uploads\/2019\/03\/roman-kraft-260082-unsplash-e1552825200865-1.jpg?fit=1200%2C251&ssl=1&resize=700%2C400 2x, https:\/\/i0.wp.com\/landeselternverband.de\/wp-content\/uploads\/2019\/03\/roman-kraft-260082-unsplash-e1552825200865-1.jpg?fit=1200%2C251&ssl=1&resize=1050%2C600 3x"},"classes":[]},{"id":91,"url":"https:\/\/landeselternverband.de\/?page_id=91","url_meta":{"origin":65,"position":4},"title":"Bedeutung unseres Logos","author":"AdminLEV","date":"24. M\u00e4rz 2019","format":false,"excerpt":"Unser Logo setzt sich aus drei Bestandteilen zusammen.aus der Farbe T\u00fcrkis,aus dem Rand in Form einer Hand undaus einer Familie in einer Sprechblase Die Farbe T\u00fcrkis hat sich seit 2001 in der Geh\u00f6rlosengemeinschaft als symbolische Farbe der Sprachgemeinschaft durchgesetzt. Angefangen hat es damit in \u00d6sterreich. Seit 2010 gibt es in\u2026","rel":"","context":"\u00c4hnlicher Beitrag","block_context":{"text":"\u00c4hnlicher Beitrag","link":""},"img":{"alt_text":"","src":"https:\/\/i0.wp.com\/landeselternverband.de\/wp-content\/uploads\/2019\/03\/Logo-LEV_menu-1.jpg?fit=1200%2C541&ssl=1&resize=350%2C200","width":350,"height":200,"srcset":"https:\/\/i0.wp.com\/landeselternverband.de\/wp-content\/uploads\/2019\/03\/Logo-LEV_menu-1.jpg?fit=1200%2C541&ssl=1&resize=350%2C200 1x, https:\/\/i0.wp.com\/landeselternverband.de\/wp-content\/uploads\/2019\/03\/Logo-LEV_menu-1.jpg?fit=1200%2C541&ssl=1&resize=525%2C300 1.5x, https:\/\/i0.wp.com\/landeselternverband.de\/wp-content\/uploads\/2019\/03\/Logo-LEV_menu-1.jpg?fit=1200%2C541&ssl=1&resize=700%2C400 2x, https:\/\/i0.wp.com\/landeselternverband.de\/wp-content\/uploads\/2019\/03\/Logo-LEV_menu-1.jpg?fit=1200%2C541&ssl=1&resize=1050%2C600 3x"},"classes":[]},{"id":75,"url":"https:\/\/landeselternverband.de\/?page_id=75","url_meta":{"origin":65,"position":5},"title":"N\u00fctzliche Links","author":"AdminLEV","date":"24. M\u00e4rz 2019","format":false,"excerpt":"Vereine und Verb\u00e4nde: Taubenschlag, das deutsche Portal f\u00fcr Taube und Schwerh\u00f6rigeStadtverband der Geh\u00f6rlosen D\u00fcsseldorf Bundeselternverband geh\u00f6rloser Kinder Elternvereinigung h\u00f6rgesch\u00e4digter Kinder Hessen Sprach-Schatz - Bilinguale Bildung f\u00fcr h\u00f6rbehinderte Kinder und Familien Kultur Kindertheater in Geb\u00e4rden- und Lautsprache deaf5Sendungen der Mediatheken mit Geb\u00e4rdensprachdolmetschern","rel":"","context":"\u00c4hnlicher Beitrag","block_context":{"text":"\u00c4hnlicher Beitrag","link":""},"img":{"alt_text":"","src":"https:\/\/i0.wp.com\/landeselternverband.de\/wp-content\/uploads\/2019\/03\/IMG_5165-1-e1553464450466.jpg?fit=1200%2C371&ssl=1&resize=350%2C200","width":350,"height":200,"srcset":"https:\/\/i0.wp.com\/landeselternverband.de\/wp-content\/uploads\/2019\/03\/IMG_5165-1-e1553464450466.jpg?fit=1200%2C371&ssl=1&resize=350%2C200 1x, https:\/\/i0.wp.com\/landeselternverband.de\/wp-content\/uploads\/2019\/03\/IMG_5165-1-e1553464450466.jpg?fit=1200%2C371&ssl=1&resize=525%2C300 1.5x, https:\/\/i0.wp.com\/landeselternverband.de\/wp-content\/uploads\/2019\/03\/IMG_5165-1-e1553464450466.jpg?fit=1200%2C371&ssl=1&resize=700%2C400 2x, https:\/\/i0.wp.com\/landeselternverband.de\/wp-content\/uploads\/2019\/03\/IMG_5165-1-e1553464450466.jpg?fit=1200%2C371&ssl=1&resize=1050%2C600 3x"},"classes":[]}],"_links":{"self":[{"href":"https:\/\/landeselternverband.de\/index.php?rest_route=\/wp\/v2\/pages\/65","targetHints":{"allow":["GET"]}}],"collection":[{"href":"https:\/\/landeselternverband.de\/index.php?rest_route=\/wp\/v2\/pages"}],"about":[{"href":"https:\/\/landeselternverband.de\/index.php?rest_route=\/wp\/v2\/types\/page"}],"author":[{"embeddable":true,"href":"https:\/\/landeselternverband.de\/index.php?rest_route=\/wp\/v2\/users\/1"}],"replies":[{"embeddable":true,"href":"https:\/\/landeselternverband.de\/index.php?rest_route=%2Fwp%2Fv2%2Fcomments&post=65"}],"version-history":[{"count":18,"href":"https:\/\/landeselternverband.de\/index.php?rest_route=\/wp\/v2\/pages\/65\/revisions"}],"predecessor-version":[{"id":981,"href":"https:\/\/landeselternverband.de\/index.php?rest_route=\/wp\/v2\/pages\/65\/revisions\/981"}],"up":[{"embeddable":true,"href":"https:\/\/landeselternverband.de\/index.php?rest_route=\/wp\/v2\/pages\/12"}],"wp:featuredmedia":[{"embeddable":true,"href":"https:\/\/landeselternverband.de\/index.php?rest_route=\/wp\/v2\/media\/116"}],"wp:attachment":[{"href":"https:\/\/landeselternverband.de\/index.php?rest_route=%2Fwp%2Fv2%2Fmedia&parent=65"}],"curies":[{"name":"wp","href":"https:\/\/api.w.org\/{rel}","templated":true}]}}