{"id":72,"date":"2019-03-24T09:49:16","date_gmt":"2019-03-24T09:49:16","guid":{"rendered":"http:\/\/landeselternverband.de\/?page_id=72"},"modified":"2019-03-24T09:49:40","modified_gmt":"2019-03-24T09:49:40","slug":"ausflugstipps","status":"publish","type":"page","link":"https:\/\/landeselternverband.de\/?page_id=72","title":{"rendered":"Ausflugstipps"},"content":{"rendered":"\n\n<!-- NOTE: If you need to make changes to this file, copy it to your current theme's main\n\tdirectory so your changes won't be overwritten when the plugin is upgraded. -->\n\n<!-- Post Wrap Start-->\n<div class=\"post hentry ivycat-post\">\n\n\t<!-- \tThis outputs the post TITLE -->\n\t<h2 class=\"entry-title\"><a href=\"https:\/\/landeselternverband.de\/?p=168\">Geb\u00e4rdenf\u00fchrungen in den LWL-Museen<\/a><\/h2>\n\n\t<!-- \tThis outputs the post EXCERPT.  To display full content including images and html,\n\t\treplace the_excerpt(); with the_content();  below. -->\n\t<div class=\"entry-summary\">\n\t\t<p>Der Landschaftsverband Westfalen-Lippe bietet F\u00fchrungen in Geb\u00e4rdensprache an, gern auch mit Kindern. F\u00fcr n\u00e4here Informationen und Terminangaben bitte hier klicken!<\/p>\n\t<\/div>\n\n\t<!--\tThis outputs the post META information -->\n\t<div class=\"entry-utility\">\n\t\t\t\t\t<span class=\"cat-links\">\n\t\t\t\t<span class=\"entry-utility-prep entry-utility-prep-cat-links\">Posted in<\/span> <a href=\"https:\/\/landeselternverband.de\/?cat=25\" rel=\"category\">Ausflugstipps<\/a>\t\t\t<\/span>\n\t\t\t<span class=\"meta-sep\">|<\/span>\n\t\t\t\t\t\t\t<span class=\"tag-links\">\n\t\t\t\t<span class=\"entry-utility-prep entry-utility-prep-tag-links\">Tagged<\/span> <a href=\"https:\/\/landeselternverband.de\/?tag=ausflug\" rel=\"tag\">Ausflug<\/a>, <a href=\"https:\/\/landeselternverband.de\/?tag=dgs\" rel=\"tag\">DGS<\/a>, <a href=\"https:\/\/landeselternverband.de\/?tag=fuehrung\" rel=\"tag\">F\u00fchrung<\/a>\t\t\t<\/span>\n\t\t\t<span class=\"meta-sep\">|<\/span>\n\t\t\t\t<span class=\"comments-link\">\n\t\t\t<a href=\"https:\/\/landeselternverband.de\/?p=168#respond\">Leave a comment<\/a>\t\t<\/span>\n\t\t\t<\/div>\n<\/div>\n<!-- \/\/ Post Wrap End -->\n\n","protected":false},"excerpt":{"rendered":"","protected":false},"author":1,"featured_media":73,"parent":70,"menu_order":0,"comment_status":"closed","ping_status":"closed","template":"","meta":{"jetpack_post_was_ever_published":false,"footnotes":""},"class_list":["post-72","page","type-page","status-publish","has-post-thumbnail"],"jetpack_sharing_enabled":true,"jetpack_shortlink":"https:\/\/wp.me\/PaPRwJ-1a","jetpack-related-posts":[{"id":82,"url":"https:\/\/landeselternverband.de\/?page_id=82","url_meta":{"origin":72,"position":0},"title":"Stellungnahmen zu aktuellen Themen","author":"AdminLEV","date":"24. M\u00e4rz 2019","format":false,"excerpt":"","rel":"","context":"\u00c4hnlicher Beitrag","block_context":{"text":"\u00c4hnlicher Beitrag","link":""},"img":{"alt_text":"","src":"https:\/\/i0.wp.com\/landeselternverband.de\/wp-content\/uploads\/2019\/03\/IMG_1099.jpg?fit=1200%2C900&ssl=1&resize=350%2C200","width":350,"height":200,"srcset":"https:\/\/i0.wp.com\/landeselternverband.de\/wp-content\/uploads\/2019\/03\/IMG_1099.jpg?fit=1200%2C900&ssl=1&resize=350%2C200 1x, https:\/\/i0.wp.com\/landeselternverband.de\/wp-content\/uploads\/2019\/03\/IMG_1099.jpg?fit=1200%2C900&ssl=1&resize=525%2C300 1.5x, https:\/\/i0.wp.com\/landeselternverband.de\/wp-content\/uploads\/2019\/03\/IMG_1099.jpg?fit=1200%2C900&ssl=1&resize=700%2C400 2x, https:\/\/i0.wp.com\/landeselternverband.de\/wp-content\/uploads\/2019\/03\/IMG_1099.jpg?fit=1200%2C900&ssl=1&resize=1050%2C600 3x"},"classes":[]},{"id":620,"url":"https:\/\/landeselternverband.de\/?page_id=620","url_meta":{"origin":72,"position":1},"title":"Unsere Vorstandssitzungen","author":"AdminLEV","date":"23. September 2020","format":false,"excerpt":"Wir werden nun immer nach unseren Vorstandssitzungen einen kleinen \u00dcberblick \u00fcber unsere besprochenen Themen hier ver\u00f6ffentlichen. Wenn du auch das eine oder andere Thema hast, dann schreibt uns das gern.","rel":"","context":"\u00c4hnlicher Beitrag","block_context":{"text":"\u00c4hnlicher Beitrag","link":""},"img":{"alt_text":"","src":"https:\/\/i0.wp.com\/landeselternverband.de\/wp-content\/uploads\/2019\/03\/IMG_5185-e1553622747270.jpg?fit=1200%2C667&ssl=1&resize=350%2C200","width":350,"height":200,"srcset":"https:\/\/i0.wp.com\/landeselternverband.de\/wp-content\/uploads\/2019\/03\/IMG_5185-e1553622747270.jpg?fit=1200%2C667&ssl=1&resize=350%2C200 1x, https:\/\/i0.wp.com\/landeselternverband.de\/wp-content\/uploads\/2019\/03\/IMG_5185-e1553622747270.jpg?fit=1200%2C667&ssl=1&resize=525%2C300 1.5x, https:\/\/i0.wp.com\/landeselternverband.de\/wp-content\/uploads\/2019\/03\/IMG_5185-e1553622747270.jpg?fit=1200%2C667&ssl=1&resize=700%2C400 2x, https:\/\/i0.wp.com\/landeselternverband.de\/wp-content\/uploads\/2019\/03\/IMG_5185-e1553622747270.jpg?fit=1200%2C667&ssl=1&resize=1050%2C600 3x"},"classes":[]},{"id":65,"url":"https:\/\/landeselternverband.de\/?page_id=65","url_meta":{"origin":72,"position":2},"title":"Was gibt&#8217;s Neues?","author":"AdminLEV","date":"24. M\u00e4rz 2019","format":false,"excerpt":"","rel":"","context":"\u00c4hnlicher Beitrag","block_context":{"text":"\u00c4hnlicher Beitrag","link":""},"img":{"alt_text":"","src":"https:\/\/i0.wp.com\/landeselternverband.de\/wp-content\/uploads\/2019\/03\/roman-kraft-260082-unsplash-e1552825200865-1.jpg?fit=1200%2C251&ssl=1&resize=350%2C200","width":350,"height":200,"srcset":"https:\/\/i0.wp.com\/landeselternverband.de\/wp-content\/uploads\/2019\/03\/roman-kraft-260082-unsplash-e1552825200865-1.jpg?fit=1200%2C251&ssl=1&resize=350%2C200 1x, https:\/\/i0.wp.com\/landeselternverband.de\/wp-content\/uploads\/2019\/03\/roman-kraft-260082-unsplash-e1552825200865-1.jpg?fit=1200%2C251&ssl=1&resize=525%2C300 1.5x, https:\/\/i0.wp.com\/landeselternverband.de\/wp-content\/uploads\/2019\/03\/roman-kraft-260082-unsplash-e1552825200865-1.jpg?fit=1200%2C251&ssl=1&resize=700%2C400 2x, https:\/\/i0.wp.com\/landeselternverband.de\/wp-content\/uploads\/2019\/03\/roman-kraft-260082-unsplash-e1552825200865-1.jpg?fit=1200%2C251&ssl=1&resize=1050%2C600 3x"},"classes":[]},{"id":153,"url":"https:\/\/landeselternverband.de\/?page_id=153","url_meta":{"origin":72,"position":3},"title":"Veranstaltungen","author":"AdminLEV","date":"25. M\u00e4rz 2019","format":false,"excerpt":"","rel":"","context":"\u00c4hnlicher Beitrag","block_context":{"text":"\u00c4hnlicher Beitrag","link":""},"img":{"alt_text":"","src":"https:\/\/i0.wp.com\/landeselternverband.de\/wp-content\/uploads\/2019\/03\/IMG_7044.jpg?fit=1200%2C674&ssl=1&resize=350%2C200","width":350,"height":200,"srcset":"https:\/\/i0.wp.com\/landeselternverband.de\/wp-content\/uploads\/2019\/03\/IMG_7044.jpg?fit=1200%2C674&ssl=1&resize=350%2C200 1x, https:\/\/i0.wp.com\/landeselternverband.de\/wp-content\/uploads\/2019\/03\/IMG_7044.jpg?fit=1200%2C674&ssl=1&resize=525%2C300 1.5x, https:\/\/i0.wp.com\/landeselternverband.de\/wp-content\/uploads\/2019\/03\/IMG_7044.jpg?fit=1200%2C674&ssl=1&resize=700%2C400 2x, https:\/\/i0.wp.com\/landeselternverband.de\/wp-content\/uploads\/2019\/03\/IMG_7044.jpg?fit=1200%2C674&ssl=1&resize=1050%2C600 3x"},"classes":[]},{"id":86,"url":"https:\/\/landeselternverband.de\/?page_id=86","url_meta":{"origin":72,"position":4},"title":"Geplante Veranstaltungen","author":"AdminLEV","date":"24. M\u00e4rz 2019","format":false,"excerpt":"","rel":"","context":"\u00c4hnlicher Beitrag","block_context":{"text":"\u00c4hnlicher Beitrag","link":""},"img":{"alt_text":"","src":"https:\/\/i0.wp.com\/landeselternverband.de\/wp-content\/uploads\/2019\/03\/Familie-gemalt.jpg?fit=1200%2C1066&ssl=1&resize=350%2C200","width":350,"height":200,"srcset":"https:\/\/i0.wp.com\/landeselternverband.de\/wp-content\/uploads\/2019\/03\/Familie-gemalt.jpg?fit=1200%2C1066&ssl=1&resize=350%2C200 1x, https:\/\/i0.wp.com\/landeselternverband.de\/wp-content\/uploads\/2019\/03\/Familie-gemalt.jpg?fit=1200%2C1066&ssl=1&resize=525%2C300 1.5x, https:\/\/i0.wp.com\/landeselternverband.de\/wp-content\/uploads\/2019\/03\/Familie-gemalt.jpg?fit=1200%2C1066&ssl=1&resize=700%2C400 2x, https:\/\/i0.wp.com\/landeselternverband.de\/wp-content\/uploads\/2019\/03\/Familie-gemalt.jpg?fit=1200%2C1066&ssl=1&resize=1050%2C600 3x"},"classes":[]}],"_links":{"self":[{"href":"https:\/\/landeselternverband.de\/index.php?rest_route=\/wp\/v2\/pages\/72","targetHints":{"allow":["GET"]}}],"collection":[{"href":"https:\/\/landeselternverband.de\/index.php?rest_route=\/wp\/v2\/pages"}],"about":[{"href":"https:\/\/landeselternverband.de\/index.php?rest_route=\/wp\/v2\/types\/page"}],"author":[{"embeddable":true,"href":"https:\/\/landeselternverband.de\/index.php?rest_route=\/wp\/v2\/users\/1"}],"replies":[{"embeddable":true,"href":"https:\/\/landeselternverband.de\/index.php?rest_route=%2Fwp%2Fv2%2Fcomments&post=72"}],"version-history":[{"count":1,"href":"https:\/\/landeselternverband.de\/index.php?rest_route=\/wp\/v2\/pages\/72\/revisions"}],"predecessor-version":[{"id":74,"href":"https:\/\/landeselternverband.de\/index.php?rest_route=\/wp\/v2\/pages\/72\/revisions\/74"}],"up":[{"embeddable":true,"href":"https:\/\/landeselternverband.de\/index.php?rest_route=\/wp\/v2\/pages\/70"}],"wp:featuredmedia":[{"embeddable":true,"href":"https:\/\/landeselternverband.de\/index.php?rest_route=\/wp\/v2\/media\/73"}],"wp:attachment":[{"href":"https:\/\/landeselternverband.de\/index.php?rest_route=%2Fwp%2Fv2%2Fmedia&parent=72"}],"curies":[{"name":"wp","href":"https:\/\/api.w.org\/{rel}","templated":true}]}}