{"id":78,"date":"2019-03-24T21:05:48","date_gmt":"2019-03-24T21:05:48","guid":{"rendered":"http:\/\/landeselternverband.de\/?page_id=78"},"modified":"2019-03-26T19:33:58","modified_gmt":"2019-03-26T18:33:58","slug":"was-machen-wir","status":"publish","type":"page","link":"https:\/\/landeselternverband.de\/?page_id=78","title":{"rendered":"Was machen wir?"},"content":{"rendered":"\n<p>Hier kannst du nachlesen, was wir als Landeselternverband unternehmen, damit unsere Kinder irgendwann den normal h\u00f6renden Kindern gleichgestellt sind.<\/p>\n","protected":false},"excerpt":{"rendered":"<p>Hier kannst du nachlesen, was wir als Landeselternverband unternehmen, damit unsere Kinder irgendwann den normal h\u00f6renden Kindern gleichgestellt sind.<\/p>\n","protected":false},"author":1,"featured_media":190,"parent":0,"menu_order":0,"comment_status":"closed","ping_status":"closed","template":"","meta":{"jetpack_post_was_ever_published":false,"footnotes":""},"class_list":["post-78","page","type-page","status-publish","has-post-thumbnail"],"jetpack_sharing_enabled":true,"jetpack_shortlink":"https:\/\/wp.me\/PaPRwJ-1g","jetpack-related-posts":[{"id":75,"url":"https:\/\/landeselternverband.de\/?page_id=75","url_meta":{"origin":78,"position":0},"title":"N\u00fctzliche Links","author":"AdminLEV","date":"24. M\u00e4rz 2019","format":false,"excerpt":"Vereine und Verb\u00e4nde: Taubenschlag, das deutsche Portal f\u00fcr Taube und Schwerh\u00f6rigeStadtverband der Geh\u00f6rlosen D\u00fcsseldorf Bundeselternverband geh\u00f6rloser Kinder Elternvereinigung h\u00f6rgesch\u00e4digter Kinder Hessen Sprach-Schatz - Bilinguale Bildung f\u00fcr h\u00f6rbehinderte Kinder und Familien Kultur Kindertheater in Geb\u00e4rden- und Lautsprache deaf5Sendungen der Mediatheken mit Geb\u00e4rdensprachdolmetschern","rel":"","context":"\u00c4hnlicher Beitrag","block_context":{"text":"\u00c4hnlicher Beitrag","link":""},"img":{"alt_text":"","src":"https:\/\/i0.wp.com\/landeselternverband.de\/wp-content\/uploads\/2019\/03\/IMG_5165-1-e1553464450466.jpg?fit=1200%2C371&ssl=1&resize=350%2C200","width":350,"height":200,"srcset":"https:\/\/i0.wp.com\/landeselternverband.de\/wp-content\/uploads\/2019\/03\/IMG_5165-1-e1553464450466.jpg?fit=1200%2C371&ssl=1&resize=350%2C200 1x, https:\/\/i0.wp.com\/landeselternverband.de\/wp-content\/uploads\/2019\/03\/IMG_5165-1-e1553464450466.jpg?fit=1200%2C371&ssl=1&resize=525%2C300 1.5x, https:\/\/i0.wp.com\/landeselternverband.de\/wp-content\/uploads\/2019\/03\/IMG_5165-1-e1553464450466.jpg?fit=1200%2C371&ssl=1&resize=700%2C400 2x, https:\/\/i0.wp.com\/landeselternverband.de\/wp-content\/uploads\/2019\/03\/IMG_5165-1-e1553464450466.jpg?fit=1200%2C371&ssl=1&resize=1050%2C600 3x"},"classes":[]},{"id":88,"url":"https:\/\/landeselternverband.de\/?page_id=88","url_meta":{"origin":78,"position":1},"title":"Wer sind wir?","author":"AdminLEV","date":"24. M\u00e4rz 2019","format":false,"excerpt":"Der Landeselternverband geh\u00f6rloser und schwerh\u00f6riger Kinder und Jugendlicher NRW e.V. ist ein gemeinn\u00fctziger und ehrenamtlich gef\u00fchrter Verein, der sich f\u00fcr h\u00f6rgesch\u00e4digte Kinder und Jugendliche sowie ihre Eltern in Nordrhein-Westfalen einsetzt.","rel":"","context":"\u00c4hnlicher Beitrag","block_context":{"text":"\u00c4hnlicher Beitrag","link":""},"img":{"alt_text":"","src":"https:\/\/i0.wp.com\/landeselternverband.de\/wp-content\/uploads\/2022\/02\/Vorstand.jpg?fit=910%2C330&ssl=1&resize=350%2C200","width":350,"height":200,"srcset":"https:\/\/i0.wp.com\/landeselternverband.de\/wp-content\/uploads\/2022\/02\/Vorstand.jpg?fit=910%2C330&ssl=1&resize=350%2C200 1x, https:\/\/i0.wp.com\/landeselternverband.de\/wp-content\/uploads\/2022\/02\/Vorstand.jpg?fit=910%2C330&ssl=1&resize=525%2C300 1.5x, https:\/\/i0.wp.com\/landeselternverband.de\/wp-content\/uploads\/2022\/02\/Vorstand.jpg?fit=910%2C330&ssl=1&resize=700%2C400 2x"},"classes":[]},{"id":12,"url":"https:\/\/landeselternverband.de\/","url_meta":{"origin":78,"position":2},"title":"Herzlich Willkommen","author":"AdminLEV","date":"24. M\u00e4rz 2019","format":false,"excerpt":"Der Landeselternverband schwerh\u00f6riger und geh\u00f6rloser Kinder und Jugendlicher NRW e.V. ist ein gemeinn\u00fctziger und ehrenamtlich gef\u00fchrter Verein, der sich f\u00fcr h\u00f6rbehinderte Kinder und Jugendliche sowie ihre Eltern in Nordrhein-Westfalen einsetzt. Zu unseren Aufgaben z\u00e4hlen: Beratung und Information Vermittlung von Hilfsangeboten Vertretung der Interessen h\u00f6rbehinderter junger Menschen in Politik und Wirtschaft\u2026","rel":"","context":"\u00c4hnlicher Beitrag","block_context":{"text":"\u00c4hnlicher Beitrag","link":""},"img":{"alt_text":"","src":"https:\/\/i0.wp.com\/landeselternverband.de\/wp-content\/uploads\/2019\/03\/UEXM4298.jpg?fit=900%2C1200&ssl=1&resize=350%2C200","width":350,"height":200,"srcset":"https:\/\/i0.wp.com\/landeselternverband.de\/wp-content\/uploads\/2019\/03\/UEXM4298.jpg?fit=900%2C1200&ssl=1&resize=350%2C200 1x, https:\/\/i0.wp.com\/landeselternverband.de\/wp-content\/uploads\/2019\/03\/UEXM4298.jpg?fit=900%2C1200&ssl=1&resize=525%2C300 1.5x, https:\/\/i0.wp.com\/landeselternverband.de\/wp-content\/uploads\/2019\/03\/UEXM4298.jpg?fit=900%2C1200&ssl=1&resize=700%2C400 2x"},"classes":[]},{"id":93,"url":"https:\/\/landeselternverband.de\/?page_id=93","url_meta":{"origin":78,"position":3},"title":"Vorstellung Vorstand","author":"AdminLEV","date":"24. M\u00e4rz 2019","format":false,"excerpt":"Der aktuelle Vorstand wurde in der letzten Mitgliederversammlung am 15. September 2018 gew\u00e4hlt.Dies sind seine Vertreter: GESCH\u00c4FTSF\u00dcHRENDER VORSTAND: 1. Vorsitzender: Martin Magiera ist taub. Er ist Vater von drei geh\u00f6rlosen Kindern und lebt mit seiner Familie in Bochum. Er arbeitet als Lehrkraft an der Schule am Leithenhaus, LWL-F\u00f6rderschule f\u00fcr H\u00f6rbehinderten\u2026","rel":"","context":"\u00c4hnlicher Beitrag","block_context":{"text":"\u00c4hnlicher Beitrag","link":""},"img":{"alt_text":"","src":"https:\/\/i0.wp.com\/landeselternverband.de\/wp-content\/uploads\/2022\/02\/Vorstand.jpg?fit=910%2C330&ssl=1&resize=350%2C200","width":350,"height":200,"srcset":"https:\/\/i0.wp.com\/landeselternverband.de\/wp-content\/uploads\/2022\/02\/Vorstand.jpg?fit=910%2C330&ssl=1&resize=350%2C200 1x, https:\/\/i0.wp.com\/landeselternverband.de\/wp-content\/uploads\/2022\/02\/Vorstand.jpg?fit=910%2C330&ssl=1&resize=525%2C300 1.5x, https:\/\/i0.wp.com\/landeselternverband.de\/wp-content\/uploads\/2022\/02\/Vorstand.jpg?fit=910%2C330&ssl=1&resize=700%2C400 2x"},"classes":[]},{"id":857,"url":"https:\/\/landeselternverband.de\/?page_id=857","url_meta":{"origin":78,"position":4},"title":"Offener Brief","author":"AdminLEV","date":"17. Februar 2022","format":false,"excerpt":"M\u00fclheim, 21.02.2022 17 Jahre Stillstand Viele h\u00f6rbehinderte Kinder besuchen die F\u00f6rderschulen f\u00fcr H\u00f6ren und Kommunikation in Nordrhein-Westfalen. Die h\u00f6renden und geh\u00f6rlosen Eltern dieser Kinder haben sich bewusst f\u00fcr diese Schulform entschieden, um f\u00fcr ihre Kinder die bestm\u00f6gliche F\u00f6rderung und Bildung zu erzielen. Die deutsche Geb\u00e4rdensprache (DGS) ist ein elementarer Bestandteil\u2026","rel":"","context":"\u00c4hnlicher Beitrag","block_context":{"text":"\u00c4hnlicher Beitrag","link":""},"img":{"alt_text":"","src":"https:\/\/i0.wp.com\/landeselternverband.de\/wp-content\/uploads\/2019\/03\/roman-kraft-260082-unsplash-e1552825200865-1.jpg?fit=1200%2C251&ssl=1&resize=350%2C200","width":350,"height":200,"srcset":"https:\/\/i0.wp.com\/landeselternverband.de\/wp-content\/uploads\/2019\/03\/roman-kraft-260082-unsplash-e1552825200865-1.jpg?fit=1200%2C251&ssl=1&resize=350%2C200 1x, https:\/\/i0.wp.com\/landeselternverband.de\/wp-content\/uploads\/2019\/03\/roman-kraft-260082-unsplash-e1552825200865-1.jpg?fit=1200%2C251&ssl=1&resize=525%2C300 1.5x, https:\/\/i0.wp.com\/landeselternverband.de\/wp-content\/uploads\/2019\/03\/roman-kraft-260082-unsplash-e1552825200865-1.jpg?fit=1200%2C251&ssl=1&resize=700%2C400 2x, https:\/\/i0.wp.com\/landeselternverband.de\/wp-content\/uploads\/2019\/03\/roman-kraft-260082-unsplash-e1552825200865-1.jpg?fit=1200%2C251&ssl=1&resize=1050%2C600 3x"},"classes":[]},{"id":65,"url":"https:\/\/landeselternverband.de\/?page_id=65","url_meta":{"origin":78,"position":5},"title":"Was gibt&#8217;s Neues?","author":"AdminLEV","date":"24. M\u00e4rz 2019","format":false,"excerpt":"","rel":"","context":"\u00c4hnlicher Beitrag","block_context":{"text":"\u00c4hnlicher Beitrag","link":""},"img":{"alt_text":"","src":"https:\/\/i0.wp.com\/landeselternverband.de\/wp-content\/uploads\/2019\/03\/roman-kraft-260082-unsplash-e1552825200865-1.jpg?fit=1200%2C251&ssl=1&resize=350%2C200","width":350,"height":200,"srcset":"https:\/\/i0.wp.com\/landeselternverband.de\/wp-content\/uploads\/2019\/03\/roman-kraft-260082-unsplash-e1552825200865-1.jpg?fit=1200%2C251&ssl=1&resize=350%2C200 1x, https:\/\/i0.wp.com\/landeselternverband.de\/wp-content\/uploads\/2019\/03\/roman-kraft-260082-unsplash-e1552825200865-1.jpg?fit=1200%2C251&ssl=1&resize=525%2C300 1.5x, https:\/\/i0.wp.com\/landeselternverband.de\/wp-content\/uploads\/2019\/03\/roman-kraft-260082-unsplash-e1552825200865-1.jpg?fit=1200%2C251&ssl=1&resize=700%2C400 2x, https:\/\/i0.wp.com\/landeselternverband.de\/wp-content\/uploads\/2019\/03\/roman-kraft-260082-unsplash-e1552825200865-1.jpg?fit=1200%2C251&ssl=1&resize=1050%2C600 3x"},"classes":[]}],"_links":{"self":[{"href":"https:\/\/landeselternverband.de\/index.php?rest_route=\/wp\/v2\/pages\/78","targetHints":{"allow":["GET"]}}],"collection":[{"href":"https:\/\/landeselternverband.de\/index.php?rest_route=\/wp\/v2\/pages"}],"about":[{"href":"https:\/\/landeselternverband.de\/index.php?rest_route=\/wp\/v2\/types\/page"}],"author":[{"embeddable":true,"href":"https:\/\/landeselternverband.de\/index.php?rest_route=\/wp\/v2\/users\/1"}],"replies":[{"embeddable":true,"href":"https:\/\/landeselternverband.de\/index.php?rest_route=%2Fwp%2Fv2%2Fcomments&post=78"}],"version-history":[{"count":2,"href":"https:\/\/landeselternverband.de\/index.php?rest_route=\/wp\/v2\/pages\/78\/revisions"}],"predecessor-version":[{"id":97,"href":"https:\/\/landeselternverband.de\/index.php?rest_route=\/wp\/v2\/pages\/78\/revisions\/97"}],"wp:featuredmedia":[{"embeddable":true,"href":"https:\/\/landeselternverband.de\/index.php?rest_route=\/wp\/v2\/media\/190"}],"wp:attachment":[{"href":"https:\/\/landeselternverband.de\/index.php?rest_route=%2Fwp%2Fv2%2Fmedia&parent=78"}],"curies":[{"name":"wp","href":"https:\/\/api.w.org\/{rel}","templated":true}]}}