{"id":82,"date":"2019-03-24T21:07:23","date_gmt":"2019-03-24T20:07:23","guid":{"rendered":"http:\/\/landeselternverband.de\/?page_id=82"},"modified":"2022-02-18T21:44:24","modified_gmt":"2022-02-18T20:44:24","slug":"stellungnahmen-zu-aktuellen-themen","status":"publish","type":"page","link":"https:\/\/landeselternverband.de\/?page_id=82","title":{"rendered":"Stellungnahmen zu aktuellen Themen"},"content":{"rendered":"\n\n<!-- NOTE: If you need to make changes to this file, copy it to your current theme's main\n\tdirectory so your changes won't be overwritten when the plugin is upgraded. -->\n\n<!-- Post Wrap Start-->\n<div class=\"post hentry ivycat-post\">\n\n\t<!-- \tThis outputs the post TITLE -->\n\t<h2 class=\"entry-title\"><a href=\"https:\/\/landeselternverband.de\/?p=1015\">Stellungnahme zum Gesamtkonzept des inklusiven Schulsystems, insbesondere f\u00fcr h\u00f6rbehinderte Kinder<\/a><\/h2>\n\n\t<!-- \tThis outputs the post EXCERPT.  To display full content including images and html,\n\t\treplace the_excerpt(); with the_content();  below. -->\n\t<div class=\"entry-summary\">\n\t\t<p>Die aktuelle Ver\u00f6ffentlichung des Deutschen Instituts f\u00fcr Menschenrechte \u201eSchulische Inklusion wirksam umsetzen\u201c stellt das Gesamtkonzepts zur Umstrukturierung allgemeiner zu inklusiven Schulen vor, das den systematischen&hellip;<\/p>\n<p> <a class=\"more-link\" href=\"https:\/\/landeselternverband.de\/?p=1015\">Weiterlesen<\/a><\/p>\n\t<\/div>\n\n\t<!--\tThis outputs the post META information -->\n\t<div class=\"entry-utility\">\n\t\t\t\t\t<span class=\"cat-links\">\n\t\t\t\t<span class=\"entry-utility-prep entry-utility-prep-cat-links\">Posted in<\/span> <a href=\"https:\/\/landeselternverband.de\/?cat=2\" rel=\"category\">Stellungnahme<\/a>\t\t\t<\/span>\n\t\t\t<span class=\"meta-sep\">|<\/span>\n\t\t\t\t\t\t\t<span class=\"tag-links\">\n\t\t\t\t<span class=\"entry-utility-prep entry-utility-prep-tag-links\">Tagged<\/span> <a href=\"https:\/\/landeselternverband.de\/?tag=foerderschule\" rel=\"tag\">F\u00f6rderschule<\/a>, <a href=\"https:\/\/landeselternverband.de\/?tag=inklusion\" rel=\"tag\">Inklusion<\/a>, <a href=\"https:\/\/landeselternverband.de\/?tag=stellungnahme\" rel=\"tag\">Stellungnahme<\/a>\t\t\t<\/span>\n\t\t\t<span class=\"meta-sep\">|<\/span>\n\t\t\t\t<span class=\"comments-link\">\n\t\t\t<a href=\"https:\/\/landeselternverband.de\/?p=1015#respond\">Leave a comment<\/a>\t\t<\/span>\n\t\t\t<\/div>\n<\/div>\n<!-- \/\/ Post Wrap End -->\n\n<!-- NOTE: If you need to make changes to this file, copy it to your current theme's main\n\tdirectory so your changes won't be overwritten when the plugin is upgraded. -->\n\n<!-- Post Wrap Start-->\n<div class=\"post hentry ivycat-post\">\n\n\t<!-- \tThis outputs the post TITLE -->\n\t<h2 class=\"entry-title\"><a href=\"https:\/\/landeselternverband.de\/?p=230\">Stellungnahme zur barrierefreien Schule f\u00fcr h\u00f6rgesch\u00e4digte Sch\u00fcler<\/a><\/h2>\n\n\t<!-- \tThis outputs the post EXCERPT.  To display full content including images and html,\n\t\treplace the_excerpt(); with the_content();  below. -->\n\t<div class=\"entry-summary\">\n\t\t<p>Der Landeselternverband geh\u00f6rloser und schwerh\u00f6riger Kinder und Jugendlicher NRW fordert den sukzessiven Umbau der F\u00f6rderschulen f\u00fcr H\u00f6ren und Kommunikation und den Abbau der Barrieren in&hellip;<\/p>\n<p> <a class=\"more-link\" href=\"https:\/\/landeselternverband.de\/?p=230\">Weiterlesen<\/a><\/p>\n\t<\/div>\n\n\t<!--\tThis outputs the post META information -->\n\t<div class=\"entry-utility\">\n\t\t\t\t\t<span class=\"cat-links\">\n\t\t\t\t<span class=\"entry-utility-prep entry-utility-prep-cat-links\">Posted in<\/span> <a href=\"https:\/\/landeselternverband.de\/?cat=2\" rel=\"category\">Stellungnahme<\/a>\t\t\t<\/span>\n\t\t\t<span class=\"meta-sep\">|<\/span>\n\t\t\t\t\t\t\t<span class=\"tag-links\">\n\t\t\t\t<span class=\"entry-utility-prep entry-utility-prep-tag-links\">Tagged<\/span> <a href=\"https:\/\/landeselternverband.de\/?tag=barrierefrei\" rel=\"tag\">barrierefrei<\/a>, <a href=\"https:\/\/landeselternverband.de\/?tag=dgs\" rel=\"tag\">DGS<\/a>, <a href=\"https:\/\/landeselternverband.de\/?tag=dolmetscher\" rel=\"tag\">Dolmetscher<\/a>, <a href=\"https:\/\/landeselternverband.de\/?tag=foerderschule\" rel=\"tag\">F\u00f6rderschule<\/a>, <a href=\"https:\/\/landeselternverband.de\/?tag=schule\" rel=\"tag\">Schule<\/a>\t\t\t<\/span>\n\t\t\t<span class=\"meta-sep\">|<\/span>\n\t\t\t\t<span class=\"comments-link\">\n\t\t\t<a href=\"https:\/\/landeselternverband.de\/?p=230#respond\">Leave a comment<\/a>\t\t<\/span>\n\t\t\t<\/div>\n<\/div>\n<!-- \/\/ Post Wrap End -->\n\n<!-- NOTE: If you need to make changes to this file, copy it to your current theme's main\n\tdirectory so your changes won't be overwritten when the plugin is upgraded. -->\n\n<!-- Post Wrap Start-->\n<div class=\"post hentry ivycat-post\">\n\n\t<!-- \tThis outputs the post TITLE -->\n\t<h2 class=\"entry-title\"><a href=\"https:\/\/landeselternverband.de\/?p=138\">Stellungnahme zum Thema Geb\u00e4rdensprache an Schulen<\/a><\/h2>\n\n\t<!-- \tThis outputs the post EXCERPT.  To display full content including images and html,\n\t\treplace the_excerpt(); with the_content();  below. -->\n\t<div class=\"entry-summary\">\n\t\t<p>Der Landeselternverband geh\u00f6rloser und schwerh\u00f6riger Kinder und Jugendlicher Nordrhein-Westfalen e. V. fordert, dass die Deutsche Geb\u00e4rdensprache in F\u00f6rderschulen unterrichtet wird. Lehrerinnen und Lehrer an den&hellip;<\/p>\n<p> <a class=\"more-link\" href=\"https:\/\/landeselternverband.de\/?p=138\">Weiterlesen<\/a><\/p>\n\t<\/div>\n\n\t<!--\tThis outputs the post META information -->\n\t<div class=\"entry-utility\">\n\t\t\t\t\t<span class=\"cat-links\">\n\t\t\t\t<span class=\"entry-utility-prep entry-utility-prep-cat-links\">Posted in<\/span> <a href=\"https:\/\/landeselternverband.de\/?cat=2\" rel=\"category\">Stellungnahme<\/a>\t\t\t<\/span>\n\t\t\t<span class=\"meta-sep\">|<\/span>\n\t\t\t\t\t\t\t<span class=\"tag-links\">\n\t\t\t\t<span class=\"entry-utility-prep entry-utility-prep-tag-links\">Tagged<\/span> <a href=\"https:\/\/landeselternverband.de\/?tag=bilingual\" rel=\"tag\">Bilingual<\/a>, <a href=\"https:\/\/landeselternverband.de\/?tag=dgs\" rel=\"tag\">DGS<\/a>, <a href=\"https:\/\/landeselternverband.de\/?tag=foerderschule\" rel=\"tag\">F\u00f6rderschule<\/a>, <a href=\"https:\/\/landeselternverband.de\/?tag=stellungnahme\" rel=\"tag\">Stellungnahme<\/a>\t\t\t<\/span>\n\t\t\t<span class=\"meta-sep\">|<\/span>\n\t\t\t\t<span class=\"comments-link\">\n\t\t\t<a href=\"https:\/\/landeselternverband.de\/?p=138#respond\">Leave a comment<\/a>\t\t<\/span>\n\t\t\t<\/div>\n<\/div>\n<!-- \/\/ Post Wrap End -->\n\n<!-- NOTE: If you need to make changes to this file, copy it to your current theme's main\n\tdirectory so your changes won't be overwritten when the plugin is upgraded. -->\n\n<!-- Post Wrap Start-->\n<div class=\"post hentry ivycat-post\">\n\n\t<!-- \tThis outputs the post TITLE -->\n\t<h2 class=\"entry-title\"><a href=\"https:\/\/landeselternverband.de\/?p=136\">Stellungnahme zum B\u00fcndnis inklusive Bildung NRW<\/a><\/h2>\n\n\t<!-- \tThis outputs the post EXCERPT.  To display full content including images and html,\n\t\treplace the_excerpt(); with the_content();  below. -->\n\t<div class=\"entry-summary\">\n\t\t<p>Der Landeselternverband geh\u00f6rloser und schwerh\u00f6riger Kinder und Jugendlicher Nordrhein-Westfalen e. V. f\u00fchlt sich durch das B\u00fcndnis inklusive Bildung nicht vertreten, da kein Verband mit H\u00f6rsch\u00e4digung&hellip;<\/p>\n<p> <a class=\"more-link\" href=\"https:\/\/landeselternverband.de\/?p=136\">Weiterlesen<\/a><\/p>\n\t<\/div>\n\n\t<!--\tThis outputs the post META information -->\n\t<div class=\"entry-utility\">\n\t\t\t\t\t<span class=\"cat-links\">\n\t\t\t\t<span class=\"entry-utility-prep entry-utility-prep-cat-links\">Posted in<\/span> <a href=\"https:\/\/landeselternverband.de\/?cat=2\" rel=\"category\">Stellungnahme<\/a>\t\t\t<\/span>\n\t\t\t<span class=\"meta-sep\">|<\/span>\n\t\t\t\t\t\t\t<span class=\"tag-links\">\n\t\t\t\t<span class=\"entry-utility-prep entry-utility-prep-tag-links\">Tagged<\/span> <a href=\"https:\/\/landeselternverband.de\/?tag=bildung\" rel=\"tag\">Bildung<\/a>, <a href=\"https:\/\/landeselternverband.de\/?tag=dgs\" rel=\"tag\">DGS<\/a>, <a href=\"https:\/\/landeselternverband.de\/?tag=dolmetscher\" rel=\"tag\">Dolmetscher<\/a>, <a href=\"https:\/\/landeselternverband.de\/?tag=inklusion\" rel=\"tag\">Inklusion<\/a>, <a href=\"https:\/\/landeselternverband.de\/?tag=stellungnahme\" rel=\"tag\">Stellungnahme<\/a>\t\t\t<\/span>\n\t\t\t<span class=\"meta-sep\">|<\/span>\n\t\t\t\t<span class=\"comments-link\">\n\t\t\t<a href=\"https:\/\/landeselternverband.de\/?p=136#respond\">Leave a comment<\/a>\t\t<\/span>\n\t\t\t<\/div>\n<\/div>\n<!-- \/\/ Post Wrap End -->\n\n<!-- NOTE: If you need to make changes to this file, copy it to your current theme's main\n\tdirectory so your changes won't be overwritten when the plugin is upgraded. -->\n\n<!-- Post Wrap Start-->\n<div class=\"post hentry ivycat-post\">\n\n\t<!-- \tThis outputs the post TITLE -->\n\t<h2 class=\"entry-title\"><a href=\"https:\/\/landeselternverband.de\/?p=134\">Stellungnahme zum Thema inklusive Medien (Termin 25.1. beim WDR)<\/a><\/h2>\n\n\t<!-- \tThis outputs the post EXCERPT.  To display full content including images and html,\n\t\treplace the_excerpt(); with the_content();  below. -->\n\t<div class=\"entry-summary\">\n\t\t<p>Der Landeselternverband geh\u00f6rloser und schwerh\u00f6riger Kinder und Jugendlicher Nordrhein-Westfalen e. V. fordert einen barrierefreien Zugang zu Fernsehen f\u00fcr Kinder mit H\u00f6rsch\u00e4digung und Geh\u00f6rlosigkeit. Damit sind&hellip;<\/p>\n<p> <a class=\"more-link\" href=\"https:\/\/landeselternverband.de\/?p=134\">Weiterlesen<\/a><\/p>\n\t<\/div>\n\n\t<!--\tThis outputs the post META information -->\n\t<div class=\"entry-utility\">\n\t\t\t\t\t<span class=\"cat-links\">\n\t\t\t\t<span class=\"entry-utility-prep entry-utility-prep-cat-links\">Posted in<\/span> <a href=\"https:\/\/landeselternverband.de\/?cat=2\" rel=\"category\">Stellungnahme<\/a>\t\t\t<\/span>\n\t\t\t<span class=\"meta-sep\">|<\/span>\n\t\t\t\t\t\t\t<span class=\"tag-links\">\n\t\t\t\t<span class=\"entry-utility-prep entry-utility-prep-tag-links\">Tagged<\/span> <a href=\"https:\/\/landeselternverband.de\/?tag=dgs\" rel=\"tag\">DGS<\/a>, <a href=\"https:\/\/landeselternverband.de\/?tag=fernsehen\" rel=\"tag\">Fernsehen<\/a>, <a href=\"https:\/\/landeselternverband.de\/?tag=medien\" rel=\"tag\">Medien<\/a>, <a href=\"https:\/\/landeselternverband.de\/?tag=stellungnahme\" rel=\"tag\">Stellungnahme<\/a>, <a href=\"https:\/\/landeselternverband.de\/?tag=wdr\" rel=\"tag\">WDR<\/a>\t\t\t<\/span>\n\t\t\t<span class=\"meta-sep\">|<\/span>\n\t\t\t\t<span class=\"comments-link\">\n\t\t\t<a href=\"https:\/\/landeselternverband.de\/?p=134#respond\">Leave a comment<\/a>\t\t<\/span>\n\t\t\t<\/div>\n<\/div>\n<!-- \/\/ Post Wrap End -->\n\n<!-- NOTE: If you need to make changes to this file, copy it to your current theme's main\n\tdirectory so your changes won't be overwritten when the plugin is upgraded. -->\n\n<!-- Post Wrap Start-->\n<div class=\"post hentry ivycat-post\">\n\n\t<!-- \tThis outputs the post TITLE -->\n\t<h2 class=\"entry-title\"><a href=\"https:\/\/landeselternverband.de\/?p=7\">Stellungnahme zum Englischunterricht an Fo\u0308rderschulen Ho\u0308ren und Kommunikation in NRW<\/a><\/h2>\n\n\t<!-- \tThis outputs the post EXCERPT.  To display full content including images and html,\n\t\treplace the_excerpt(); with the_content();  below. -->\n\t<div class=\"entry-summary\">\n\t\t<p>Der Landeselternverband geh\u00f6rloser und schwerh\u00f6riger Kinder und Jugendlicher NRW e.V. schlie\u00dft sich den Forderungen des Bundeselternverbandes geh\u00f6rloser Kinder e.V. an und fordert ebenfalls den Englischunterricht&hellip;<\/p>\n<p> <a class=\"more-link\" href=\"https:\/\/landeselternverband.de\/?p=7\">Weiterlesen<\/a><\/p>\n\t<\/div>\n\n\t<!--\tThis outputs the post META information -->\n\t<div class=\"entry-utility\">\n\t\t\t\t\t<span class=\"cat-links\">\n\t\t\t\t<span class=\"entry-utility-prep entry-utility-prep-cat-links\">Posted in<\/span> <a href=\"https:\/\/landeselternverband.de\/?cat=2\" rel=\"category\">Stellungnahme<\/a>\t\t\t<\/span>\n\t\t\t<span class=\"meta-sep\">|<\/span>\n\t\t\t\t\t\t\t<span class=\"tag-links\">\n\t\t\t\t<span class=\"entry-utility-prep entry-utility-prep-tag-links\">Tagged<\/span> <a href=\"https:\/\/landeselternverband.de\/?tag=asl\" rel=\"tag\">ASL<\/a>, <a href=\"https:\/\/landeselternverband.de\/?tag=foerderschule\" rel=\"tag\">F\u00f6rderschule<\/a>, <a href=\"https:\/\/landeselternverband.de\/?tag=stellungnahme\" rel=\"tag\">Stellungnahme<\/a>\t\t\t<\/span>\n\t\t\t<span class=\"meta-sep\">|<\/span>\n\t\t\t\t<span class=\"comments-link\">\n\t\t\t<a href=\"https:\/\/landeselternverband.de\/?p=7#respond\">Leave a comment<\/a>\t\t<\/span>\n\t\t\t<\/div>\n<\/div>\n<!-- \/\/ Post Wrap End -->\n\n","protected":false},"excerpt":{"rendered":"","protected":false},"author":1,"featured_media":191,"parent":78,"menu_order":4,"comment_status":"closed","ping_status":"closed","template":"","meta":{"jetpack_post_was_ever_published":false,"footnotes":""},"class_list":["post-82","page","type-page","status-publish","has-post-thumbnail"],"jetpack_sharing_enabled":true,"jetpack_shortlink":"https:\/\/wp.me\/PaPRwJ-1k","jetpack-related-posts":[{"id":620,"url":"https:\/\/landeselternverband.de\/?page_id=620","url_meta":{"origin":82,"position":0},"title":"Unsere Vorstandssitzungen","author":"AdminLEV","date":"23. September 2020","format":false,"excerpt":"Wir werden nun immer nach unseren Vorstandssitzungen einen kleinen \u00dcberblick \u00fcber unsere besprochenen Themen hier ver\u00f6ffentlichen. Wenn du auch das eine oder andere Thema hast, dann schreibt uns das gern.","rel":"","context":"\u00c4hnlicher Beitrag","block_context":{"text":"\u00c4hnlicher Beitrag","link":""},"img":{"alt_text":"","src":"https:\/\/i0.wp.com\/landeselternverband.de\/wp-content\/uploads\/2019\/03\/IMG_5185-e1553622747270.jpg?fit=1200%2C667&ssl=1&resize=350%2C200","width":350,"height":200,"srcset":"https:\/\/i0.wp.com\/landeselternverband.de\/wp-content\/uploads\/2019\/03\/IMG_5185-e1553622747270.jpg?fit=1200%2C667&ssl=1&resize=350%2C200 1x, https:\/\/i0.wp.com\/landeselternverband.de\/wp-content\/uploads\/2019\/03\/IMG_5185-e1553622747270.jpg?fit=1200%2C667&ssl=1&resize=525%2C300 1.5x, https:\/\/i0.wp.com\/landeselternverband.de\/wp-content\/uploads\/2019\/03\/IMG_5185-e1553622747270.jpg?fit=1200%2C667&ssl=1&resize=700%2C400 2x, https:\/\/i0.wp.com\/landeselternverband.de\/wp-content\/uploads\/2019\/03\/IMG_5185-e1553622747270.jpg?fit=1200%2C667&ssl=1&resize=1050%2C600 3x"},"classes":[]},{"id":72,"url":"https:\/\/landeselternverband.de\/?page_id=72","url_meta":{"origin":82,"position":1},"title":"Ausflugstipps","author":"AdminLEV","date":"24. M\u00e4rz 2019","format":false,"excerpt":"","rel":"","context":"\u00c4hnlicher Beitrag","block_context":{"text":"\u00c4hnlicher Beitrag","link":""},"img":{"alt_text":"","src":"https:\/\/i0.wp.com\/landeselternverband.de\/wp-content\/uploads\/2019\/03\/marc-groth-545333-unsplash-1-e1553420927711.jpg?fit=1200%2C586&ssl=1&resize=350%2C200","width":350,"height":200,"srcset":"https:\/\/i0.wp.com\/landeselternverband.de\/wp-content\/uploads\/2019\/03\/marc-groth-545333-unsplash-1-e1553420927711.jpg?fit=1200%2C586&ssl=1&resize=350%2C200 1x, https:\/\/i0.wp.com\/landeselternverband.de\/wp-content\/uploads\/2019\/03\/marc-groth-545333-unsplash-1-e1553420927711.jpg?fit=1200%2C586&ssl=1&resize=525%2C300 1.5x, https:\/\/i0.wp.com\/landeselternverband.de\/wp-content\/uploads\/2019\/03\/marc-groth-545333-unsplash-1-e1553420927711.jpg?fit=1200%2C586&ssl=1&resize=700%2C400 2x, https:\/\/i0.wp.com\/landeselternverband.de\/wp-content\/uploads\/2019\/03\/marc-groth-545333-unsplash-1-e1553420927711.jpg?fit=1200%2C586&ssl=1&resize=1050%2C600 3x"},"classes":[]},{"id":65,"url":"https:\/\/landeselternverband.de\/?page_id=65","url_meta":{"origin":82,"position":2},"title":"Was gibt&#8217;s Neues?","author":"AdminLEV","date":"24. M\u00e4rz 2019","format":false,"excerpt":"","rel":"","context":"\u00c4hnlicher Beitrag","block_context":{"text":"\u00c4hnlicher Beitrag","link":""},"img":{"alt_text":"","src":"https:\/\/i0.wp.com\/landeselternverband.de\/wp-content\/uploads\/2019\/03\/roman-kraft-260082-unsplash-e1552825200865-1.jpg?fit=1200%2C251&ssl=1&resize=350%2C200","width":350,"height":200,"srcset":"https:\/\/i0.wp.com\/landeselternverband.de\/wp-content\/uploads\/2019\/03\/roman-kraft-260082-unsplash-e1552825200865-1.jpg?fit=1200%2C251&ssl=1&resize=350%2C200 1x, https:\/\/i0.wp.com\/landeselternverband.de\/wp-content\/uploads\/2019\/03\/roman-kraft-260082-unsplash-e1552825200865-1.jpg?fit=1200%2C251&ssl=1&resize=525%2C300 1.5x, https:\/\/i0.wp.com\/landeselternverband.de\/wp-content\/uploads\/2019\/03\/roman-kraft-260082-unsplash-e1552825200865-1.jpg?fit=1200%2C251&ssl=1&resize=700%2C400 2x, https:\/\/i0.wp.com\/landeselternverband.de\/wp-content\/uploads\/2019\/03\/roman-kraft-260082-unsplash-e1552825200865-1.jpg?fit=1200%2C251&ssl=1&resize=1050%2C600 3x"},"classes":[]},{"id":12,"url":"https:\/\/landeselternverband.de\/","url_meta":{"origin":82,"position":3},"title":"Herzlich Willkommen","author":"AdminLEV","date":"24. M\u00e4rz 2019","format":false,"excerpt":"Der Landeselternverband schwerh\u00f6riger und geh\u00f6rloser Kinder und Jugendlicher NRW e.V. ist ein gemeinn\u00fctziger und ehrenamtlich gef\u00fchrter Verein, der sich f\u00fcr h\u00f6rbehinderte Kinder und Jugendliche sowie ihre Eltern in Nordrhein-Westfalen einsetzt. Zu unseren Aufgaben z\u00e4hlen: Beratung und Information Vermittlung von Hilfsangeboten Vertretung der Interessen h\u00f6rbehinderter junger Menschen in Politik und Wirtschaft\u2026","rel":"","context":"\u00c4hnlicher Beitrag","block_context":{"text":"\u00c4hnlicher Beitrag","link":""},"img":{"alt_text":"","src":"https:\/\/i0.wp.com\/landeselternverband.de\/wp-content\/uploads\/2019\/03\/UEXM4298.jpg?fit=900%2C1200&ssl=1&resize=350%2C200","width":350,"height":200,"srcset":"https:\/\/i0.wp.com\/landeselternverband.de\/wp-content\/uploads\/2019\/03\/UEXM4298.jpg?fit=900%2C1200&ssl=1&resize=350%2C200 1x, https:\/\/i0.wp.com\/landeselternverband.de\/wp-content\/uploads\/2019\/03\/UEXM4298.jpg?fit=900%2C1200&ssl=1&resize=525%2C300 1.5x, https:\/\/i0.wp.com\/landeselternverband.de\/wp-content\/uploads\/2019\/03\/UEXM4298.jpg?fit=900%2C1200&ssl=1&resize=700%2C400 2x"},"classes":[]},{"id":153,"url":"https:\/\/landeselternverband.de\/?page_id=153","url_meta":{"origin":82,"position":4},"title":"Veranstaltungen","author":"AdminLEV","date":"25. M\u00e4rz 2019","format":false,"excerpt":"","rel":"","context":"\u00c4hnlicher Beitrag","block_context":{"text":"\u00c4hnlicher Beitrag","link":""},"img":{"alt_text":"","src":"https:\/\/i0.wp.com\/landeselternverband.de\/wp-content\/uploads\/2019\/03\/IMG_7044.jpg?fit=1200%2C674&ssl=1&resize=350%2C200","width":350,"height":200,"srcset":"https:\/\/i0.wp.com\/landeselternverband.de\/wp-content\/uploads\/2019\/03\/IMG_7044.jpg?fit=1200%2C674&ssl=1&resize=350%2C200 1x, https:\/\/i0.wp.com\/landeselternverband.de\/wp-content\/uploads\/2019\/03\/IMG_7044.jpg?fit=1200%2C674&ssl=1&resize=525%2C300 1.5x, https:\/\/i0.wp.com\/landeselternverband.de\/wp-content\/uploads\/2019\/03\/IMG_7044.jpg?fit=1200%2C674&ssl=1&resize=700%2C400 2x, https:\/\/i0.wp.com\/landeselternverband.de\/wp-content\/uploads\/2019\/03\/IMG_7044.jpg?fit=1200%2C674&ssl=1&resize=1050%2C600 3x"},"classes":[]},{"id":86,"url":"https:\/\/landeselternverband.de\/?page_id=86","url_meta":{"origin":82,"position":5},"title":"Geplante Veranstaltungen","author":"AdminLEV","date":"24. M\u00e4rz 2019","format":false,"excerpt":"","rel":"","context":"\u00c4hnlicher Beitrag","block_context":{"text":"\u00c4hnlicher Beitrag","link":""},"img":{"alt_text":"","src":"https:\/\/i0.wp.com\/landeselternverband.de\/wp-content\/uploads\/2019\/03\/Familie-gemalt.jpg?fit=1200%2C1066&ssl=1&resize=350%2C200","width":350,"height":200,"srcset":"https:\/\/i0.wp.com\/landeselternverband.de\/wp-content\/uploads\/2019\/03\/Familie-gemalt.jpg?fit=1200%2C1066&ssl=1&resize=350%2C200 1x, https:\/\/i0.wp.com\/landeselternverband.de\/wp-content\/uploads\/2019\/03\/Familie-gemalt.jpg?fit=1200%2C1066&ssl=1&resize=525%2C300 1.5x, https:\/\/i0.wp.com\/landeselternverband.de\/wp-content\/uploads\/2019\/03\/Familie-gemalt.jpg?fit=1200%2C1066&ssl=1&resize=700%2C400 2x, https:\/\/i0.wp.com\/landeselternverband.de\/wp-content\/uploads\/2019\/03\/Familie-gemalt.jpg?fit=1200%2C1066&ssl=1&resize=1050%2C600 3x"},"classes":[]}],"_links":{"self":[{"href":"https:\/\/landeselternverband.de\/index.php?rest_route=\/wp\/v2\/pages\/82","targetHints":{"allow":["GET"]}}],"collection":[{"href":"https:\/\/landeselternverband.de\/index.php?rest_route=\/wp\/v2\/pages"}],"about":[{"href":"https:\/\/landeselternverband.de\/index.php?rest_route=\/wp\/v2\/types\/page"}],"author":[{"embeddable":true,"href":"https:\/\/landeselternverband.de\/index.php?rest_route=\/wp\/v2\/users\/1"}],"replies":[{"embeddable":true,"href":"https:\/\/landeselternverband.de\/index.php?rest_route=%2Fwp%2Fv2%2Fcomments&post=82"}],"version-history":[{"count":1,"href":"https:\/\/landeselternverband.de\/index.php?rest_route=\/wp\/v2\/pages\/82\/revisions"}],"predecessor-version":[{"id":83,"href":"https:\/\/landeselternverband.de\/index.php?rest_route=\/wp\/v2\/pages\/82\/revisions\/83"}],"up":[{"embeddable":true,"href":"https:\/\/landeselternverband.de\/index.php?rest_route=\/wp\/v2\/pages\/78"}],"wp:featuredmedia":[{"embeddable":true,"href":"https:\/\/landeselternverband.de\/index.php?rest_route=\/wp\/v2\/media\/191"}],"wp:attachment":[{"href":"https:\/\/landeselternverband.de\/index.php?rest_route=%2Fwp%2Fv2%2Fmedia&parent=82"}],"curies":[{"name":"wp","href":"https:\/\/api.w.org\/{rel}","templated":true}]}}